{"id":5715,"date":"2022-05-26T12:43:06","date_gmt":"2022-05-26T10:43:06","guid":{"rendered":"https:\/\/participacio.alfaradelpatriarca.es\/?page_id=5715"},"modified":"2022-05-26T12:50:07","modified_gmt":"2022-05-26T10:50:07","slug":"normativa-sobre-participacio","status":"publish","type":"page","link":"https:\/\/participacio.alfaradelpatriarca.es\/va\/normativa-sobre-participacio\/","title":{"rendered":"Normativa sobre participaci\u00f3"},"content":{"rendered":"\n<style type=\"text\/css\" data-created_by=\"avia_inline_auto\" id=\"style-css-av-8t0yv-541344ae9a6838d1c155cd43a511ef21\">\n.avia-section.av-8t0yv-541344ae9a6838d1c155cd43a511ef21{\nbackground-repeat:no-repeat;\nbackground-image:url(https:\/\/participacio.alfaradelpatriarca.es\/wp-content\/uploads\/2021\/05\/sliderTOP-3.jpg);\nbackground-position:50% 50%;\nbackground-attachment:fixed;\n}\n.avia-section.av-8t0yv-541344ae9a6838d1c155cd43a511ef21 .av-section-color-overlay{\nopacity:0.7;\nbackground-color:#673e08;\n}\n<\/style>\n<div id='av_section_1'  class='avia-section av-8t0yv-541344ae9a6838d1c155cd43a511ef21 main_color avia-section-default avia-no-shadow  avia-builder-el-0  el_before_av_section  avia-builder-el-first  avia-full-stretch avia-bg-style-fixed av-section-color-overlay-active av-minimum-height av-minimum-height-25 av-height-25  container_wrap sidebar_right'  data-section-bg-repeat='stretch' data-av_minimum_height_pc='25' data-av_min_height_opt='25'><div class=\"av-section-color-overlay-wrap\"><div class=\"av-section-color-overlay\"><\/div><a href='#next-section' title='' class='scroll-down-link ' aria-hidden='true' data-av_icon='\ue877' data-av_iconfont='entypo-fontello'><\/a><div class='container av-section-cont-open' ><main  role=\"main\" itemprop=\"mainContentOfPage\"  class='template-page content  av-content-small alpha units'><div class='post-entry post-entry-type-page post-entry-5715'><div class='entry-content-wrapper clearfix'>\n\n<style type=\"text\/css\" data-created_by=\"avia_inline_auto\" id=\"style-css-av-n3vas7-e77c39cee09cae08a720fb3deec1e3d0\">\n.flex_column.av-n3vas7-e77c39cee09cae08a720fb3deec1e3d0{\nborder-radius:0px 0px 0px 0px;\npadding:0px 0px 0px 0px;\n}\n<\/style>\n<div  class='flex_column av-n3vas7-e77c39cee09cae08a720fb3deec1e3d0 av_one_full  avia-builder-el-1  avia-builder-el-no-sibling  first flex_column_div av-animated-generic pop-up av-zero-column-padding  '     ><style type=\"text\/css\" data-created_by=\"avia_inline_auto\" id=\"style-css-av-jruvaomi-b32d2dd7517fed6cc82a43323113096d\">\n#top .av-special-heading.av-jruvaomi-b32d2dd7517fed6cc82a43323113096d{\npadding-bottom:10px;\ncolor:#ffffff;\nfont-size:54px;\n}\nbody .av-special-heading.av-jruvaomi-b32d2dd7517fed6cc82a43323113096d .av-special-heading-tag .heading-char{\nfont-size:25px;\n}\n#top #wrap_all .av-special-heading.av-jruvaomi-b32d2dd7517fed6cc82a43323113096d .av-special-heading-tag{\nfont-size:54px;\n}\n.av-special-heading.av-jruvaomi-b32d2dd7517fed6cc82a43323113096d .special-heading-inner-border{\nborder-color:#ffffff;\n}\n.av-special-heading.av-jruvaomi-b32d2dd7517fed6cc82a43323113096d .av-subheading{\nfont-size:15px;\n}\n\n@media only screen and (min-width: 768px) and (max-width: 989px){ \n#top #wrap_all .av-special-heading.av-jruvaomi-b32d2dd7517fed6cc82a43323113096d .av-special-heading-tag{\nfont-size:42px;\n}\n}\n\n@media only screen and (min-width: 480px) and (max-width: 767px){ \n#top #wrap_all .av-special-heading.av-jruvaomi-b32d2dd7517fed6cc82a43323113096d .av-special-heading-tag{\nfont-size:34px;\n}\n}\n\n@media only screen and (max-width: 479px){ \n#top #wrap_all .av-special-heading.av-jruvaomi-b32d2dd7517fed6cc82a43323113096d .av-special-heading-tag{\nfont-size:28px;\n}\n}\n<\/style>\n<div  class='av-special-heading av-jruvaomi-b32d2dd7517fed6cc82a43323113096d av-special-heading-h2 custom-color-heading blockquote modern-quote modern-centered  avia-builder-el-2  avia-builder-el-no-sibling  av-inherit-size'><h2 class='av-special-heading-tag'  itemprop=\"headline\"  >Normativa sobre participaci\u00f3<\/h2><div class=\"special-heading-border\"><div class=\"special-heading-inner-border\"><\/div><\/div><\/div><\/div><\/div><\/div><\/main><!-- close content main element --><\/div><\/div><\/div><div id='av_section_2'  class='avia-section av-xgb92-dd66a8fceba4ba74d30fe485e9f94e7d main_color avia-section-default avia-no-border-styling  avia-builder-el-3  el_after_av_section  el_before_av_section  av-medium-hide av-small-hide av-mini-hide avia-bg-style-scroll container_wrap sidebar_right'  ><div class='container av-section-cont-open' ><div class='template-page content  av-content-small alpha units'><div class='post-entry post-entry-type-page post-entry-5715'><div class='entry-content-wrapper clearfix'>\n\n<style type=\"text\/css\" data-created_by=\"avia_inline_auto\" id=\"style-css-av-l3ilepzq-462bd8fe20a6f988d421a4ca1da570ba\">\n#top .hr.hr-invisible.av-l3ilepzq-462bd8fe20a6f988d421a4ca1da570ba{\nheight:50px;\n}\n<\/style>\n<div  class='hr av-l3ilepzq-462bd8fe20a6f988d421a4ca1da570ba hr-invisible  avia-builder-el-4  el_before_av_one_fifth  avia-builder-el-first '><span class='hr-inner '><span class=\"hr-inner-style\"><\/span><\/span><\/div>\n\n<style type=\"text\/css\" data-created_by=\"avia_inline_auto\" id=\"style-css-av-rzj5a-54a0bc010cf45ce1ddb9e923b03aa3f4\">\n.flex_column.av-rzj5a-54a0bc010cf45ce1ddb9e923b03aa3f4{\nborder-radius:0px 0px 0px 0px;\npadding:0px 0px 0px 0px;\n}\n<\/style>\n<div  class='flex_column av-rzj5a-54a0bc010cf45ce1ddb9e923b03aa3f4 av_one_fifth  avia-builder-el-5  el_after_av_hr  el_before_av_three_fifth  first flex_column_div av-zero-column-padding  '     ><\/div>\n<style type=\"text\/css\" data-created_by=\"avia_inline_auto\" id=\"style-css-av-nguny-ee44859a712772d41d01ba98fb26117a\">\n.flex_column.av-nguny-ee44859a712772d41d01ba98fb26117a{\nborder-radius:0px 0px 0px 0px;\npadding:0px 0px 0px 0px;\n}\n<\/style>\n<div  class='flex_column av-nguny-ee44859a712772d41d01ba98fb26117a av_three_fifth  avia-builder-el-6  el_after_av_one_fifth  el_before_av_one_fifth  flex_column_div av-zero-column-padding  '     ><section  class='av_textblock_section av-gci9q-ddd29191b7d468c0034ad9af21ac405d '   itemscope=\"itemscope\" itemtype=\"https:\/\/schema.org\/CreativeWork\" ><div class='avia_textblock'  itemprop=\"text\" ><p class=\"p1\">L\u00b4Ajuntament d\u2019Alfara del Patriarca, fidel al seu comprom\u00eds pel foment de la participaci\u00f3 ciutadana, va aprovar el Reglament municipal de Participaci\u00f3 Ciutadana que poden consultar a fent clic <a href=\"http:\/\/www.alfaradelpatriarca.es\/wp-content\/uploads\/2020\/01\/Reglament-de-participaci%C3%B3-ciutadana-corregit.pdf\" target=\"_blank\" rel=\"noopener\">ac\u00ed<\/a>.<span class=\"Apple-converted-space\">\u00a0<\/span><\/p>\n<p class=\"p3\"><span class=\"s2\">Aix\u00ed mateix, en la seua agenda p\u00fablica de Govern Obert, ens acollim al que disposa la normativa auton\u00f2mica i estatal. Aix\u00ed, el consistori complix amb la normativa de la Generalitat Valenciana referent a la <\/span><span class=\"s1\"><a href=\"https:\/\/dogv.gva.es\/portal\/ficha_disposicion.jsp?id=26&amp;sig=002988\/2015&amp;url_lista=&amp;CHK_TEXTO_LIBRE=1&amp;tipo_search=legislacion&amp;num_tipo=9&amp;signatura=003482\/2016\" target=\"_blank\" rel=\"noopener\">Llei 2\/2015, de 2 d&#8217;abril, de la Generalitat, de Transpar\u00e8ncia, Bon Govern i Participaci\u00f3 Ciutadana de la Comunitat Valenciana<\/a><\/span><span class=\"s2\">; com amb el <a href=\"https:\/\/dogv.gva.es\/datos\/2016\/12\/22\/pdf\/2016_10368.pdf\"><span class=\"s3\">Decret 190\/2016, de 16 de desembre, del Consell, pel qual es regula el Consell de Participaci\u00f3 Ciutadana de la Comunitat Valenciana<\/span><\/a><\/span><\/p>\n<p class=\"p1\"><span class=\"s1\">Des de l&#8217;Ajuntament d&#8217;Alfara del Patriarca se segueixen les indicacions del<a href=\"https:\/\/transparencia.gob.es\/transparencia\/dam\/jcr:d306cd62-cc0f-40a1-9be8-fe24eeeee10d\/IVPlanGobiernoAbierto_ES_vdef.pdf\" target=\"_blank\" rel=\"noopener\"><span class=\"s2\"> IV Pla de Govern Obert 2020-2024 per part de l&#8217;Administraci\u00f3 General de l&#8217;Estat.<\/span><\/a><\/span><\/p>\n<\/div><\/section><\/div>\n<style type=\"text\/css\" data-created_by=\"avia_inline_auto\" id=\"style-css-av-b8pra-f9c77abc10515b0539588ba3b9fc8a0c\">\n.flex_column.av-b8pra-f9c77abc10515b0539588ba3b9fc8a0c{\nborder-radius:0px 0px 0px 0px;\npadding:0px 0px 0px 0px;\n}\n<\/style>\n<div  class='flex_column av-b8pra-f9c77abc10515b0539588ba3b9fc8a0c av_one_fifth  avia-builder-el-8  el_after_av_three_fifth  el_before_av_hr  flex_column_div av-zero-column-padding  '     ><\/div>\n<style type=\"text\/css\" data-created_by=\"avia_inline_auto\" id=\"style-css-av-46bn82-1e59470213e1d42aae94e6317f97faea\">\n#top .hr.hr-invisible.av-46bn82-1e59470213e1d42aae94e6317f97faea{\nheight:50px;\n}\n<\/style>\n<div  class='hr av-46bn82-1e59470213e1d42aae94e6317f97faea hr-invisible  avia-builder-el-9  el_after_av_one_fifth  avia-builder-el-last '><span class='hr-inner '><span class=\"hr-inner-style\"><\/span><\/span><\/div>\n<\/p>\n<\/div><\/div><\/div><!-- close content main div --><\/div><\/div><div id='av_section_3'  class='avia-section av-l39ufeuv-6f32b701211f15608dc56b5460cfa228 main_color avia-section-default avia-no-border-styling  avia-builder-el-10  el_after_av_section  avia-builder-el-last  av-desktop-hide avia-bg-style-scroll container_wrap sidebar_right'  ><div class='container av-section-cont-open' ><div class='template-page content  av-content-small alpha units'><div class='post-entry post-entry-type-page post-entry-5715'><div class='entry-content-wrapper clearfix'>\n\n<style type=\"text\/css\" data-created_by=\"avia_inline_auto\" id=\"style-css-av-3xdi02-46a265b734fe87c5598c2490f9e9b2ee\">\n.flex_column.av-3xdi02-46a265b734fe87c5598c2490f9e9b2ee{\nborder-radius:0px 0px 0px 0px;\npadding:0px 0px 0px 0px;\n}\n<\/style>\n<div  class='flex_column av-3xdi02-46a265b734fe87c5598c2490f9e9b2ee av_one_full  avia-builder-el-11  avia-builder-el-no-sibling  first flex_column_div av-zero-column-padding  '     ><section  class='av_textblock_section av-1225e-a902572405a3ddffd3c973c6cb264aa6 '   itemscope=\"itemscope\" itemtype=\"https:\/\/schema.org\/CreativeWork\" ><div class='avia_textblock'  itemprop=\"text\" ><p class=\"p1\">L\u00b4Ajuntament d\u2019Alfara del Patriarca, fidel al seu comprom\u00eds pel foment de la participaci\u00f3 ciutadana, va aprovar el Reglament municipal de Participaci\u00f3 Ciutadana que poden consultar a fent clic <a href=\"http:\/\/www.alfaradelpatriarca.es\/wp-content\/uploads\/2020\/01\/Reglament-de-participaci%C3%B3-ciutadana-corregit.pdf\" target=\"_blank\" rel=\"noopener\">ac\u00ed<\/a>.<\/p>\n<p class=\"p3\"><span class=\"s2\">Aix\u00ed mateix, en la seua agenda p\u00fablica de Govern Obert, ens acollim al que disposa la normativa auton\u00f2mica i estatal. Aix\u00ed, el consistori complix amb la normativa de la Generalitat Valenciana referent a la <\/span><span class=\"s1\"><a href=\"https:\/\/dogv.gva.es\/portal\/ficha_disposicion.jsp?id=26&amp;sig=002988\/2015&amp;url_lista=&amp;CHK_TEXTO_LIBRE=1&amp;tipo_search=legislacion&amp;num_tipo=9&amp;signatura=003482\/2016\" target=\"_blank\" rel=\"noopener\">Llei 2\/2015, de 2 d&#8217;abril, de la Generalitat, de Transpar\u00e8ncia, Bon Govern i Participaci\u00f3 Ciutadana de la Comunitat Valenciana<\/a><\/span><span class=\"s2\">; com amb el <a href=\"https:\/\/dogv.gva.es\/datos\/2016\/12\/22\/pdf\/2016_10368.pdf\"><span class=\"s3\">Decret 190\/2016, de 16 de desembre, del Consell, pel qual es regula el Consell de Participaci\u00f3 Ciutadana de la Comunitat Valenciana<\/span><\/a><\/span><\/p>\n<p class=\"p1\"><span class=\"s1\">Des de l&#8217;Ajuntament d&#8217;Alfara del Patriarca se segueixen les indicacions del<a href=\"https:\/\/transparencia.gob.es\/transparencia\/dam\/jcr:d306cd62-cc0f-40a1-9be8-fe24eeeee10d\/IVPlanGobiernoAbierto_ES_vdef.pdf\" target=\"_blank\" rel=\"noopener\"><span class=\"s2\"> IV Pla de Govern Obert 2020-2024 per part de l&#8217;Administraci\u00f3 General de l&#8217;Estat.<\/span><\/a><\/span><\/p>\n<\/div><\/section><\/div>\n<\/div><\/div><\/div><!-- close content main div --><\/div><\/div><div id='after_section_3'  class='main_color av_default_container_wrap container_wrap sidebar_right'  ><div class='container av-section-cont-open' ><div class='template-page content  av-content-small alpha units'><div class='post-entry post-entry-type-page post-entry-5715'><div class='entry-content-wrapper clearfix'>\n","protected":false},"excerpt":{"rendered":"","protected":false},"author":1944,"featured_media":5818,"parent":0,"menu_order":0,"comment_status":"closed","ping_status":"closed","template":"","meta":{"_joinchat":[],"footnotes":""},"class_list":["post-5715","page","type-page","status-publish","has-post-thumbnail","hentry"],"jetpack_shortlink":"https:\/\/wp.me\/Pd2vnt-1ub","jetpack_sharing_enabled":true,"_links":{"self":[{"href":"https:\/\/participacio.alfaradelpatriarca.es\/va\/wp-json\/wp\/v2\/pages\/5715","targetHints":{"allow":["GET"]}}],"collection":[{"href":"https:\/\/participacio.alfaradelpatriarca.es\/va\/wp-json\/wp\/v2\/pages"}],"about":[{"href":"https:\/\/participacio.alfaradelpatriarca.es\/va\/wp-json\/wp\/v2\/types\/page"}],"author":[{"embeddable":true,"href":"https:\/\/participacio.alfaradelpatriarca.es\/va\/wp-json\/wp\/v2\/users\/1944"}],"replies":[{"embeddable":true,"href":"https:\/\/participacio.alfaradelpatriarca.es\/va\/wp-json\/wp\/v2\/comments?post=5715"}],"version-history":[{"count":4,"href":"https:\/\/participacio.alfaradelpatriarca.es\/va\/wp-json\/wp\/v2\/pages\/5715\/revisions"}],"predecessor-version":[{"id":5977,"href":"https:\/\/participacio.alfaradelpatriarca.es\/va\/wp-json\/wp\/v2\/pages\/5715\/revisions\/5977"}],"wp:featuredmedia":[{"embeddable":true,"href":"https:\/\/participacio.alfaradelpatriarca.es\/va\/wp-json\/wp\/v2\/media\/5818"}],"wp:attachment":[{"href":"https:\/\/participacio.alfaradelpatriarca.es\/va\/wp-json\/wp\/v2\/media?parent=5715"}],"curies":[{"name":"wp","href":"https:\/\/api.w.org\/{rel}","templated":true}]}}