{"id":5683,"date":"2022-05-26T12:33:17","date_gmt":"2022-05-26T10:33:17","guid":{"rendered":"https:\/\/participacio.alfaradelpatriarca.es\/?page_id=5683"},"modified":"2022-06-08T08:40:58","modified_gmt":"2022-06-08T06:40:58","slug":"en-que-consisteix-la-participacio-a-alfara","status":"publish","type":"page","link":"https:\/\/participacio.alfaradelpatriarca.es\/va\/en-que-consisteix-la-participacio-a-alfara\/","title":{"rendered":"En que consisteix la participaci\u00f3 a Alfara"},"content":{"rendered":"\n<style type=\"text\/css\" data-created_by=\"avia_inline_auto\" id=\"style-css-av-8t0yv-541344ae9a6838d1c155cd43a511ef21\">\n.avia-section.av-8t0yv-541344ae9a6838d1c155cd43a511ef21{\nbackground-repeat:no-repeat;\nbackground-image:url(https:\/\/participacio.alfaradelpatriarca.es\/wp-content\/uploads\/2021\/05\/sliderTOP-3.jpg);\nbackground-position:50% 50%;\nbackground-attachment:fixed;\n}\n.avia-section.av-8t0yv-541344ae9a6838d1c155cd43a511ef21 .av-section-color-overlay{\nopacity:0.7;\nbackground-color:#673e08;\n}\n<\/style>\n<div id='av_section_1'  class='avia-section av-8t0yv-541344ae9a6838d1c155cd43a511ef21 main_color avia-section-default avia-no-shadow  avia-builder-el-0  el_before_av_section  avia-builder-el-first  avia-full-stretch avia-bg-style-fixed av-section-color-overlay-active av-minimum-height av-minimum-height-25 av-height-25  container_wrap sidebar_right'  data-section-bg-repeat='stretch' data-av_minimum_height_pc='25' data-av_min_height_opt='25'><div class=\"av-section-color-overlay-wrap\"><div class=\"av-section-color-overlay\"><\/div><a href='#next-section' title='' class='scroll-down-link ' aria-hidden='true' data-av_icon='\ue877' data-av_iconfont='entypo-fontello'><\/a><div class='container av-section-cont-open' ><main  role=\"main\" itemprop=\"mainContentOfPage\"  class='template-page content  av-content-small alpha units'><div class='post-entry post-entry-type-page post-entry-5683'><div class='entry-content-wrapper clearfix'>\n\n<style type=\"text\/css\" data-created_by=\"avia_inline_auto\" id=\"style-css-av-n3vas7-e77c39cee09cae08a720fb3deec1e3d0\">\n.flex_column.av-n3vas7-e77c39cee09cae08a720fb3deec1e3d0{\nborder-radius:0px 0px 0px 0px;\npadding:0px 0px 0px 0px;\n}\n<\/style>\n<div  class='flex_column av-n3vas7-e77c39cee09cae08a720fb3deec1e3d0 av_one_full  avia-builder-el-1  avia-builder-el-no-sibling  first flex_column_div av-animated-generic pop-up av-zero-column-padding  '     ><style type=\"text\/css\" data-created_by=\"avia_inline_auto\" id=\"style-css-av-jruvaomi-fcb3376336e6f5a9359c7b297290c1c7\">\n#top .av-special-heading.av-jruvaomi-fcb3376336e6f5a9359c7b297290c1c7{\npadding-bottom:10px;\ncolor:#ffffff;\nfont-size:54px;\n}\nbody .av-special-heading.av-jruvaomi-fcb3376336e6f5a9359c7b297290c1c7 .av-special-heading-tag .heading-char{\nfont-size:25px;\n}\n#top #wrap_all .av-special-heading.av-jruvaomi-fcb3376336e6f5a9359c7b297290c1c7 .av-special-heading-tag{\nfont-size:54px;\n}\n.av-special-heading.av-jruvaomi-fcb3376336e6f5a9359c7b297290c1c7 .special-heading-inner-border{\nborder-color:#ffffff;\n}\n.av-special-heading.av-jruvaomi-fcb3376336e6f5a9359c7b297290c1c7 .av-subheading{\nfont-size:15px;\n}\n\n@media only screen and (min-width: 768px) and (max-width: 989px){ \n#top #wrap_all .av-special-heading.av-jruvaomi-fcb3376336e6f5a9359c7b297290c1c7 .av-special-heading-tag{\nfont-size:42px;\n}\n}\n\n@media only screen and (min-width: 480px) and (max-width: 767px){ \n#top #wrap_all .av-special-heading.av-jruvaomi-fcb3376336e6f5a9359c7b297290c1c7 .av-special-heading-tag{\nfont-size:34px;\n}\n}\n\n@media only screen and (max-width: 479px){ \n#top #wrap_all .av-special-heading.av-jruvaomi-fcb3376336e6f5a9359c7b297290c1c7 .av-special-heading-tag{\nfont-size:28px;\n}\n}\n<\/style>\n<div  class='av-special-heading av-jruvaomi-fcb3376336e6f5a9359c7b297290c1c7 av-special-heading-h2 custom-color-heading blockquote modern-quote modern-centered  avia-builder-el-2  avia-builder-el-no-sibling  av-inherit-size'><h2 class='av-special-heading-tag'  itemprop=\"headline\"  >En que consisteix la participaci\u00f3 a Alfara<\/h2><div class=\"special-heading-border\"><div class=\"special-heading-inner-border\"><\/div><\/div><\/div><\/div>\n\n<\/div><\/div><\/main><!-- close content main element --><\/div><\/div><\/div><div id='av_section_2'  class='avia-section av-xgb92-dd66a8fceba4ba74d30fe485e9f94e7d main_color avia-section-default avia-no-border-styling  avia-builder-el-3  el_after_av_section  el_before_av_section  av-medium-hide av-small-hide av-mini-hide avia-bg-style-scroll container_wrap sidebar_right'  ><div class='container av-section-cont-open' ><div class='template-page content  av-content-small alpha units'><div class='post-entry post-entry-type-page post-entry-5683'><div class='entry-content-wrapper clearfix'>\n\n<style type=\"text\/css\" data-created_by=\"avia_inline_auto\" id=\"style-css-av-2t6qn6-c9536e88a99d94f9763f9bf258265e8c\">\n#top .hr.hr-invisible.av-2t6qn6-c9536e88a99d94f9763f9bf258265e8c{\nheight:50px;\n}\n<\/style>\n<div  class='hr av-2t6qn6-c9536e88a99d94f9763f9bf258265e8c hr-invisible  avia-builder-el-4  el_before_av_one_fifth  avia-builder-el-first '><span class='hr-inner '><span class=\"hr-inner-style\"><\/span><\/span><\/div>\n\n<style type=\"text\/css\" data-created_by=\"avia_inline_auto\" id=\"style-css-av-rzj5a-54a0bc010cf45ce1ddb9e923b03aa3f4\">\n.flex_column.av-rzj5a-54a0bc010cf45ce1ddb9e923b03aa3f4{\nborder-radius:0px 0px 0px 0px;\npadding:0px 0px 0px 0px;\n}\n<\/style>\n<div  class='flex_column av-rzj5a-54a0bc010cf45ce1ddb9e923b03aa3f4 av_one_fifth  avia-builder-el-5  el_after_av_hr  el_before_av_three_fifth  first flex_column_div av-zero-column-padding  '     ><\/div>\n<style type=\"text\/css\" data-created_by=\"avia_inline_auto\" id=\"style-css-av-nguny-ee44859a712772d41d01ba98fb26117a\">\n.flex_column.av-nguny-ee44859a712772d41d01ba98fb26117a{\nborder-radius:0px 0px 0px 0px;\npadding:0px 0px 0px 0px;\n}\n<\/style>\n<div  class='flex_column av-nguny-ee44859a712772d41d01ba98fb26117a av_three_fifth  avia-builder-el-6  el_after_av_one_fifth  el_before_av_one_fifth  flex_column_div av-zero-column-padding  '     ><p>\n<style type=\"text\/css\" data-created_by=\"avia_inline_auto\" id=\"style-css-av-l39v0i8g-9aee2c53f16ce773a9ce24f5a6ac7665\">\n#top .av-special-heading.av-l39v0i8g-9aee2c53f16ce773a9ce24f5a6ac7665{\npadding-bottom:10px;\ncolor:#673e08;\nfont-size:38px;\n}\nbody .av-special-heading.av-l39v0i8g-9aee2c53f16ce773a9ce24f5a6ac7665 .av-special-heading-tag .heading-char{\nfont-size:25px;\n}\n#top #wrap_all .av-special-heading.av-l39v0i8g-9aee2c53f16ce773a9ce24f5a6ac7665 .av-special-heading-tag{\nfont-size:38px;\n}\n.av-special-heading.av-l39v0i8g-9aee2c53f16ce773a9ce24f5a6ac7665 .special-heading-inner-border{\nborder-color:#673e08;\n}\n.av-special-heading.av-l39v0i8g-9aee2c53f16ce773a9ce24f5a6ac7665 .av-subheading{\nfont-size:15px;\n}\n\n@media only screen and (min-width: 768px) and (max-width: 989px){ \n#top #wrap_all .av-special-heading.av-l39v0i8g-9aee2c53f16ce773a9ce24f5a6ac7665 .av-special-heading-tag{\nfont-size:42px;\n}\n}\n\n@media only screen and (min-width: 480px) and (max-width: 767px){ \n#top #wrap_all .av-special-heading.av-l39v0i8g-9aee2c53f16ce773a9ce24f5a6ac7665 .av-special-heading-tag{\nfont-size:34px;\n}\n}\n\n@media only screen and (max-width: 479px){ \n#top #wrap_all .av-special-heading.av-l39v0i8g-9aee2c53f16ce773a9ce24f5a6ac7665 .av-special-heading-tag{\nfont-size:28px;\n}\n}\n<\/style>\n<div  class='av-special-heading av-l39v0i8g-9aee2c53f16ce773a9ce24f5a6ac7665 av-special-heading-h3 custom-color-heading blockquote modern-quote modern-centered  avia-builder-el-7  el_before_av_textblock  avia-builder-el-first  av-inherit-size'><h3 class='av-special-heading-tag'  itemprop=\"headline\"  >Qu\u00e8 \u00e9s? <\/h3><div class=\"special-heading-border\"><div class=\"special-heading-inner-border\"><\/div><\/div><\/div><br \/>\n<section  class='av_textblock_section av-gci9q-ddd29191b7d468c0034ad9af21ac405d '   itemscope=\"itemscope\" itemtype=\"https:\/\/schema.org\/CreativeWork\" ><div class='avia_textblock'  itemprop=\"text\" ><p class=\"p1\">Per a que concorden les expectatives de la nostra ciutadania amb els resultats obtinguts de les actuacions de l&#8217;Ajuntament d&#8217;Alfara del Patriarca, \u00e9s necessari incorporar l&#8217;opini\u00f3 del ve\u00efnat en les corresponents pol\u00edtiques p\u00fabliques.<\/p>\n<p class=\"p1\">La participaci\u00f3 ciutadana \u00e9s vital perqu\u00e8, des de la teua posici\u00f3 d&#8217;habitant del municipi, sigues capa\u00e7 de presentar la teua opini\u00f3 i valoraci\u00f3 de les labors desenvolupades pel govern.<\/p>\n<p class=\"p1\">Per aix\u00f2, presentem el seg\u00fcent portal de participaci\u00f3 perqu\u00e8, amb la col\u00b7laboraci\u00f3 de la ciutadania del poble i del consistori local, s&#8217;aconseguisca millorar la realitat del municipi.<\/p>\n<\/div><\/section><\/p><\/div>\n<style type=\"text\/css\" data-created_by=\"avia_inline_auto\" id=\"style-css-av-b8pra-f9c77abc10515b0539588ba3b9fc8a0c\">\n.flex_column.av-b8pra-f9c77abc10515b0539588ba3b9fc8a0c{\nborder-radius:0px 0px 0px 0px;\npadding:0px 0px 0px 0px;\n}\n<\/style>\n<div  class='flex_column av-b8pra-f9c77abc10515b0539588ba3b9fc8a0c av_one_fifth  avia-builder-el-9  el_after_av_three_fifth  el_before_av_hr  flex_column_div av-zero-column-padding  '     ><\/div>\n<style type=\"text\/css\" data-created_by=\"avia_inline_auto\" id=\"style-css-av-l39w4eu5-4a6e077d914613a551e180bb0148438d\">\n#top .hr.hr-invisible.av-l39w4eu5-4a6e077d914613a551e180bb0148438d{\nheight:50px;\n}\n<\/style>\n<div  class='hr av-l39w4eu5-4a6e077d914613a551e180bb0148438d hr-invisible  avia-builder-el-10  el_after_av_one_fifth  el_before_av_one_fifth '><span class='hr-inner '><span class=\"hr-inner-style\"><\/span><\/span><\/div>\n\n<style type=\"text\/css\" data-created_by=\"avia_inline_auto\" id=\"style-css-av-flvqtu-1bd0850e9fb60797aa0117d905fae463\">\n.flex_column.av-flvqtu-1bd0850e9fb60797aa0117d905fae463{\nborder-radius:0px 0px 0px 0px;\npadding:0px 0px 0px 0px;\n}\n<\/style>\n<div  class='flex_column av-flvqtu-1bd0850e9fb60797aa0117d905fae463 av_one_fifth  avia-builder-el-11  el_after_av_hr  el_before_av_three_fifth  first flex_column_div av-zero-column-padding  '     ><\/div>\n<style type=\"text\/css\" data-created_by=\"avia_inline_auto\" id=\"style-css-av-1fmtyq-e8841bcaa887863bc657c68342964a83\">\n.flex_column.av-1fmtyq-e8841bcaa887863bc657c68342964a83{\nborder-radius:0px 0px 0px 0px;\npadding:0px 0px 0px 0px;\n}\n<\/style>\n<div  class='flex_column av-1fmtyq-e8841bcaa887863bc657c68342964a83 av_three_fifth  avia-builder-el-12  el_after_av_one_fifth  el_before_av_one_fifth  flex_column_div av-zero-column-padding  '     ><p>\n<style type=\"text\/css\" data-created_by=\"avia_inline_auto\" id=\"style-css-av-l39vo4tt-092a0f4604bb0fbc6b1149fcf02657e5\">\n#top .av-special-heading.av-l39vo4tt-092a0f4604bb0fbc6b1149fcf02657e5{\npadding-bottom:10px;\ncolor:#673e08;\nfont-size:38px;\n}\nbody .av-special-heading.av-l39vo4tt-092a0f4604bb0fbc6b1149fcf02657e5 .av-special-heading-tag .heading-char{\nfont-size:25px;\n}\n#top #wrap_all .av-special-heading.av-l39vo4tt-092a0f4604bb0fbc6b1149fcf02657e5 .av-special-heading-tag{\nfont-size:38px;\n}\n.av-special-heading.av-l39vo4tt-092a0f4604bb0fbc6b1149fcf02657e5 .special-heading-inner-border{\nborder-color:#673e08;\n}\n.av-special-heading.av-l39vo4tt-092a0f4604bb0fbc6b1149fcf02657e5 .av-subheading{\nfont-size:15px;\n}\n\n@media only screen and (min-width: 768px) and (max-width: 989px){ \n#top #wrap_all .av-special-heading.av-l39vo4tt-092a0f4604bb0fbc6b1149fcf02657e5 .av-special-heading-tag{\nfont-size:42px;\n}\n}\n\n@media only screen and (min-width: 480px) and (max-width: 767px){ \n#top #wrap_all .av-special-heading.av-l39vo4tt-092a0f4604bb0fbc6b1149fcf02657e5 .av-special-heading-tag{\nfont-size:34px;\n}\n}\n\n@media only screen and (max-width: 479px){ \n#top #wrap_all .av-special-heading.av-l39vo4tt-092a0f4604bb0fbc6b1149fcf02657e5 .av-special-heading-tag{\nfont-size:28px;\n}\n}\n<\/style>\n<div  class='av-special-heading av-l39vo4tt-092a0f4604bb0fbc6b1149fcf02657e5 av-special-heading-h3 custom-color-heading blockquote modern-quote modern-centered  avia-builder-el-13  el_before_av_textblock  avia-builder-el-first  av-inherit-size'><h3 class='av-special-heading-tag'  itemprop=\"headline\"  >Com participar<\/h3><div class=\"special-heading-border\"><div class=\"special-heading-inner-border\"><\/div><\/div><\/div><br \/>\n<section  class='av_textblock_section av-l39vodgb-615ecaee0361cc564337cb8319b490da '   itemscope=\"itemscope\" itemtype=\"https:\/\/schema.org\/CreativeWork\" ><div class='avia_textblock'  itemprop=\"text\" ><p class=\"p1\">En aquest portal podr\u00e0s trobar diverses formes per a participar en les accions de l&#8217;Ajuntament d&#8217;Alfara del Patriarca.<\/p>\n<p class=\"p1\">En l&#8217;apartat de participaci\u00f3 podr\u00e0s exposar la teua visi\u00f3 de la realitat del poble. Tens l&#8217;oportunitat de presentar els problemes que s&#8217;han de solucionar en el municipi, aix\u00ed com de manifestar i valorar propostes del ve\u00efnatge per a millorar la situaci\u00f3 d&#8217;Alfara del Patriarca.<\/p>\n<p class=\"p1\">En l&#8217;apartat de pressupostos participatius pots decidir de manera directa com utilitzar els corresponents fons p\u00fablics. Aix\u00ed, podr\u00e0s votar entre les diverses opcions de despesa, propostes que hauran sigut revisades a nivell de viabilitat pel personal del consistori.<\/p>\n<\/div><\/section><\/p><\/div>\n<style type=\"text\/css\" data-created_by=\"avia_inline_auto\" id=\"style-css-av-d7j8yq-6cd8c012922957e8a6fbb7c3d47271d1\">\n.flex_column.av-d7j8yq-6cd8c012922957e8a6fbb7c3d47271d1{\nborder-radius:0px 0px 0px 0px;\npadding:0px 0px 0px 0px;\n}\n<\/style>\n<div  class='flex_column av-d7j8yq-6cd8c012922957e8a6fbb7c3d47271d1 av_one_fifth  avia-builder-el-15  el_after_av_three_fifth  el_before_av_hr  flex_column_div av-zero-column-padding  '     ><\/div>\n<style type=\"text\/css\" data-created_by=\"avia_inline_auto\" id=\"style-css-av-8w4g2-ad4caa8502ed5b6eb947bd05566b8e61\">\n#top .hr.hr-invisible.av-8w4g2-ad4caa8502ed5b6eb947bd05566b8e61{\nheight:50px;\n}\n<\/style>\n<div  class='hr av-8w4g2-ad4caa8502ed5b6eb947bd05566b8e61 hr-invisible  avia-builder-el-16  el_after_av_one_fifth  avia-builder-el-last '><span class='hr-inner '><span class=\"hr-inner-style\"><\/span><\/span><\/div>\n<\/div><\/div><\/div><!-- close content main div --><\/div><\/div><div id='av_section_3'  class='avia-section av-l39ufeuv-6f32b701211f15608dc56b5460cfa228 main_color avia-section-default avia-no-border-styling  avia-builder-el-17  el_after_av_section  avia-builder-el-last  av-desktop-hide avia-bg-style-scroll container_wrap sidebar_right'  ><div class='container av-section-cont-open' ><div class='template-page content  av-content-small alpha units'><div class='post-entry post-entry-type-page post-entry-5683'><div class='entry-content-wrapper clearfix'>\n\n<style type=\"text\/css\" data-created_by=\"avia_inline_auto\" id=\"style-css-av-akzm3m-72d32646213338761f7fb983aa50dd22\">\n.flex_column.av-akzm3m-72d32646213338761f7fb983aa50dd22{\nborder-radius:0px 0px 0px 0px;\npadding:0px 0px 0px 0px;\n}\n<\/style>\n<div  class='flex_column av-akzm3m-72d32646213338761f7fb983aa50dd22 av_one_full  avia-builder-el-18  el_before_av_hr  avia-builder-el-first  first flex_column_div av-zero-column-padding  '     ><p>\n<style type=\"text\/css\" data-created_by=\"avia_inline_auto\" id=\"style-css-av-8nvm76-cef3f16c52ffcde356ce46ec0e35d8f7\">\n#top .av-special-heading.av-8nvm76-cef3f16c52ffcde356ce46ec0e35d8f7{\npadding-bottom:10px;\ncolor:#673e08;\nfont-size:38px;\n}\nbody .av-special-heading.av-8nvm76-cef3f16c52ffcde356ce46ec0e35d8f7 .av-special-heading-tag .heading-char{\nfont-size:25px;\n}\n#top #wrap_all .av-special-heading.av-8nvm76-cef3f16c52ffcde356ce46ec0e35d8f7 .av-special-heading-tag{\nfont-size:38px;\n}\n.av-special-heading.av-8nvm76-cef3f16c52ffcde356ce46ec0e35d8f7 .special-heading-inner-border{\nborder-color:#673e08;\n}\n.av-special-heading.av-8nvm76-cef3f16c52ffcde356ce46ec0e35d8f7 .av-subheading{\nfont-size:15px;\n}\n\n@media only screen and (min-width: 768px) and (max-width: 989px){ \n#top #wrap_all .av-special-heading.av-8nvm76-cef3f16c52ffcde356ce46ec0e35d8f7 .av-special-heading-tag{\nfont-size:42px;\n}\n}\n\n@media only screen and (min-width: 480px) and (max-width: 767px){ \n#top #wrap_all .av-special-heading.av-8nvm76-cef3f16c52ffcde356ce46ec0e35d8f7 .av-special-heading-tag{\nfont-size:34px;\n}\n}\n\n@media only screen and (max-width: 479px){ \n#top #wrap_all .av-special-heading.av-8nvm76-cef3f16c52ffcde356ce46ec0e35d8f7 .av-special-heading-tag{\nfont-size:28px;\n}\n}\n<\/style>\n<div  class='av-special-heading av-8nvm76-cef3f16c52ffcde356ce46ec0e35d8f7 av-special-heading-h3 custom-color-heading blockquote modern-quote modern-centered  avia-builder-el-19  el_before_av_textblock  avia-builder-el-first  av-inherit-size'><h3 class='av-special-heading-tag'  itemprop=\"headline\"  >Qu\u00e8 \u00e9s? <\/h3><div class=\"special-heading-border\"><div class=\"special-heading-inner-border\"><\/div><\/div><\/div><br \/>\n<section  class='av_textblock_section av-7ijho2-ef795419ef703a4c72fc515f6fe843a9 '   itemscope=\"itemscope\" itemtype=\"https:\/\/schema.org\/CreativeWork\" ><div class='avia_textblock'  itemprop=\"text\" ><p class=\"p1\">Per a que concorden les expectatives de la nostra ciutadania amb els resultats obtinguts de les actuacions de l&#8217;Ajuntament d&#8217;Alfara del Patriarca, \u00e9s necessari incorporar l&#8217;opini\u00f3 del ve\u00efnat en les corresponents pol\u00edtiques p\u00fabliques.<\/p>\n<p class=\"p1\">La participaci\u00f3 ciutadana \u00e9s vital perqu\u00e8, des de la teua posici\u00f3 d&#8217;habitant del municipi, sigues capa\u00e7 de presentar la teua opini\u00f3 i valoraci\u00f3 de les labors desenvolupades pel govern.<\/p>\n<p class=\"p1\">Per aix\u00f2, presentem el seg\u00fcent portal de participaci\u00f3 perqu\u00e8, amb la col\u00b7laboraci\u00f3 de la ciutadania del poble i del consistori local, s&#8217;aconseguisca millorar la realitat del municipi.<\/p>\n<\/div><\/section><\/p><\/div>\n<style type=\"text\/css\" data-created_by=\"avia_inline_auto\" id=\"style-css-av-l39w4ph0-6071634440f520494b8ef979dc9a4b47\">\n#top .hr.hr-invisible.av-l39w4ph0-6071634440f520494b8ef979dc9a4b47{\nheight:25px;\n}\n<\/style>\n<div  class='hr av-l39w4ph0-6071634440f520494b8ef979dc9a4b47 hr-invisible  avia-builder-el-21  el_after_av_one_full  el_before_av_one_full '><span class='hr-inner '><span class=\"hr-inner-style\"><\/span><\/span><\/div>\n\n<style type=\"text\/css\" data-created_by=\"avia_inline_auto\" id=\"style-css-av-61zk3m-6bab1d1a827a10a03f595bf7201be5e2\">\n.flex_column.av-61zk3m-6bab1d1a827a10a03f595bf7201be5e2{\nborder-radius:0px 0px 0px 0px;\npadding:0px 0px 0px 0px;\n}\n<\/style>\n<div  class='flex_column av-61zk3m-6bab1d1a827a10a03f595bf7201be5e2 av_one_full  avia-builder-el-22  el_after_av_hr  avia-builder-el-last  first flex_column_div av-zero-column-padding  '     ><p>\n<style type=\"text\/css\" data-created_by=\"avia_inline_auto\" id=\"style-css-av-4ppqde-3730439f17bf14cb7d003429c4c6c5b9\">\n#top .av-special-heading.av-4ppqde-3730439f17bf14cb7d003429c4c6c5b9{\npadding-bottom:10px;\ncolor:#673e08;\nfont-size:38px;\n}\nbody .av-special-heading.av-4ppqde-3730439f17bf14cb7d003429c4c6c5b9 .av-special-heading-tag .heading-char{\nfont-size:25px;\n}\n#top #wrap_all .av-special-heading.av-4ppqde-3730439f17bf14cb7d003429c4c6c5b9 .av-special-heading-tag{\nfont-size:38px;\n}\n.av-special-heading.av-4ppqde-3730439f17bf14cb7d003429c4c6c5b9 .special-heading-inner-border{\nborder-color:#673e08;\n}\n.av-special-heading.av-4ppqde-3730439f17bf14cb7d003429c4c6c5b9 .av-subheading{\nfont-size:15px;\n}\n\n@media only screen and (min-width: 768px) and (max-width: 989px){ \n#top #wrap_all .av-special-heading.av-4ppqde-3730439f17bf14cb7d003429c4c6c5b9 .av-special-heading-tag{\nfont-size:42px;\n}\n}\n\n@media only screen and (min-width: 480px) and (max-width: 767px){ \n#top #wrap_all .av-special-heading.av-4ppqde-3730439f17bf14cb7d003429c4c6c5b9 .av-special-heading-tag{\nfont-size:34px;\n}\n}\n\n@media only screen and (max-width: 479px){ \n#top #wrap_all .av-special-heading.av-4ppqde-3730439f17bf14cb7d003429c4c6c5b9 .av-special-heading-tag{\nfont-size:28px;\n}\n}\n<\/style>\n<div  class='av-special-heading av-4ppqde-3730439f17bf14cb7d003429c4c6c5b9 av-special-heading-h3 custom-color-heading blockquote modern-quote modern-centered  avia-builder-el-23  el_before_av_textblock  avia-builder-el-first  av-inherit-size'><h3 class='av-special-heading-tag'  itemprop=\"headline\"  >Com participar<\/h3><div class=\"special-heading-border\"><div class=\"special-heading-inner-border\"><\/div><\/div><\/div><br \/>\n<section  class='av_textblock_section av-2smt1u-c474366c9ebe60007f4d526089fc8f82 '   itemscope=\"itemscope\" itemtype=\"https:\/\/schema.org\/CreativeWork\" ><div class='avia_textblock'  itemprop=\"text\" ><p class=\"p1\">En aquest portal podr\u00e0s trobar diverses formes per a participar en les accions de l&#8217;Ajuntament d&#8217;Alfara del Patriarca.<\/p>\n<p class=\"p1\">En l&#8217;apartat de participaci\u00f3 podr\u00e0s exposar la teua visi\u00f3 de la realitat del poble. Tens l&#8217;oportunitat de presentar els problemes que s&#8217;han de solucionar en el municipi, aix\u00ed com de manifestar i valorar propostes del ve\u00efnatge per a millorar la situaci\u00f3 d&#8217;Alfara del Patriarca.<\/p>\n<p class=\"p1\">En l&#8217;apartat de pressupostos participatius pots decidir de manera directa com utilitzar els corresponents fons p\u00fablics. Aix\u00ed, podr\u00e0s votar entre les diverses opcions de despesa, propostes que hauran sigut revisades a nivell de viabilitat pel personal del consistori.<\/p>\n<\/div><\/section><\/p><\/div><\/div><\/div><\/div><!-- close content main div --><\/div><\/div><div id='after_section_3'  class='main_color av_default_container_wrap container_wrap sidebar_right'  ><div class='container av-section-cont-open' ><div class='template-page content  av-content-small alpha units'><div class='post-entry post-entry-type-page post-entry-5683'><div class='entry-content-wrapper clearfix'><\/p>\n","protected":false},"excerpt":{"rendered":"","protected":false},"author":1944,"featured_media":5818,"parent":0,"menu_order":0,"comment_status":"closed","ping_status":"closed","template":"","meta":{"_joinchat":[],"footnotes":""},"class_list":["post-5683","page","type-page","status-publish","has-post-thumbnail","hentry"],"jetpack_shortlink":"https:\/\/wp.me\/Pd2vnt-1tF","jetpack_sharing_enabled":true,"_links":{"self":[{"href":"https:\/\/participacio.alfaradelpatriarca.es\/va\/wp-json\/wp\/v2\/pages\/5683","targetHints":{"allow":["GET"]}}],"collection":[{"href":"https:\/\/participacio.alfaradelpatriarca.es\/va\/wp-json\/wp\/v2\/pages"}],"about":[{"href":"https:\/\/participacio.alfaradelpatriarca.es\/va\/wp-json\/wp\/v2\/types\/page"}],"author":[{"embeddable":true,"href":"https:\/\/participacio.alfaradelpatriarca.es\/va\/wp-json\/wp\/v2\/users\/1944"}],"replies":[{"embeddable":true,"href":"https:\/\/participacio.alfaradelpatriarca.es\/va\/wp-json\/wp\/v2\/comments?post=5683"}],"version-history":[{"count":4,"href":"https:\/\/participacio.alfaradelpatriarca.es\/va\/wp-json\/wp\/v2\/pages\/5683\/revisions"}],"predecessor-version":[{"id":6704,"href":"https:\/\/participacio.alfaradelpatriarca.es\/va\/wp-json\/wp\/v2\/pages\/5683\/revisions\/6704"}],"wp:featuredmedia":[{"embeddable":true,"href":"https:\/\/participacio.alfaradelpatriarca.es\/va\/wp-json\/wp\/v2\/media\/5818"}],"wp:attachment":[{"href":"https:\/\/participacio.alfaradelpatriarca.es\/va\/wp-json\/wp\/v2\/media?parent=5683"}],"curies":[{"name":"wp","href":"https:\/\/api.w.org\/{rel}","templated":true}]}}