{"id":3470,"date":"2021-05-05T10:26:15","date_gmt":"2021-05-05T08:26:15","guid":{"rendered":"https:\/\/lolleriatria.org\/bases-reguladoras\/"},"modified":"2024-02-13T16:05:44","modified_gmt":"2024-02-13T15:05:44","slug":"bases-reguladores","status":"publish","type":"page","link":"https:\/\/participacio.alfaradelpatriarca.es\/va\/bases-reguladores\/","title":{"rendered":"Bases reguladores dels Pressupostos Participatius Prioritzem Alfara 2023"},"content":{"rendered":"\n<style type=\"text\/css\" data-created_by=\"avia_inline_auto\" id=\"style-css-av-91ftni-652a1896d86cee2966c5ce7ee873d139\">\n.avia-section.av-91ftni-652a1896d86cee2966c5ce7ee873d139{\nbackground-repeat:no-repeat;\nbackground-image:url(https:\/\/participacio.alfaradelpatriarca.es\/wp-content\/uploads\/2021\/05\/slider2.jpg);\nbackground-position:50% 50%;\nbackground-attachment:fixed;\n}\n.avia-section.av-91ftni-652a1896d86cee2966c5ce7ee873d139 .av-section-color-overlay{\nopacity:0.7;\nbackground-color:#673e08;\n}\n<\/style>\n<div id='av_section_1'  class='avia-section av-91ftni-652a1896d86cee2966c5ce7ee873d139 main_color avia-section-default avia-no-shadow  avia-builder-el-0  el_before_av_section  avia-builder-el-first  avia-full-stretch avia-bg-style-fixed av-section-color-overlay-active av-minimum-height av-minimum-height-25 av-height-25  container_wrap sidebar_right'  data-section-bg-repeat='stretch' data-av_minimum_height_pc='25' data-av_min_height_opt='25'><div class=\"av-section-color-overlay-wrap\"><div class=\"av-section-color-overlay\"><\/div><div class='container av-section-cont-open' ><main  role=\"main\" itemprop=\"mainContentOfPage\"  class='template-page content  av-content-small alpha units'><div class='post-entry post-entry-type-page post-entry-3470'><div class='entry-content-wrapper clearfix'>\n\n<style type=\"text\/css\" data-created_by=\"avia_inline_auto\" id=\"style-css-av-7gyfhq-89b94773ab478731b12ed9ec8d8a3766\">\n.flex_column.av-7gyfhq-89b94773ab478731b12ed9ec8d8a3766{\nborder-radius:0px 0px 0px 0px;\npadding:0px 0px 0px 0px;\n}\n<\/style>\n<div  class='flex_column av-7gyfhq-89b94773ab478731b12ed9ec8d8a3766 av_one_full  avia-builder-el-1  avia-builder-el-no-sibling  first flex_column_div av-animated-generic pop-up av-zero-column-padding  '     ><p>\n<style type=\"text\/css\" data-created_by=\"avia_inline_auto\" id=\"style-css-av-5yr4ku-5734938a616390594b3eeb54f75e927b\">\n#top .hr.hr-invisible.av-5yr4ku-5734938a616390594b3eeb54f75e927b{\nheight:25px;\n}\n<\/style>\n<div  class='hr av-5yr4ku-5734938a616390594b3eeb54f75e927b hr-invisible  avia-builder-el-2  el_before_av_heading  avia-builder-el-first '><span class='hr-inner '><span class=\"hr-inner-style\"><\/span><\/span><\/div><br \/>\n\n<style type=\"text\/css\" data-created_by=\"avia_inline_auto\" id=\"style-css-av-l3mzmz9g-79e26b6d3d9408d6e9c271f0a303cace\">\n#top .av-special-heading.av-l3mzmz9g-79e26b6d3d9408d6e9c271f0a303cace{\npadding-bottom:10px;\ncolor:#ffffff;\nfont-size:65px;\n}\nbody .av-special-heading.av-l3mzmz9g-79e26b6d3d9408d6e9c271f0a303cace .av-special-heading-tag .heading-char{\nfont-size:25px;\n}\n#top #wrap_all .av-special-heading.av-l3mzmz9g-79e26b6d3d9408d6e9c271f0a303cace .av-special-heading-tag{\nfont-size:65px;\n}\n.av-special-heading.av-l3mzmz9g-79e26b6d3d9408d6e9c271f0a303cace .special-heading-inner-border{\nborder-color:#ffffff;\n}\n.av-special-heading.av-l3mzmz9g-79e26b6d3d9408d6e9c271f0a303cace .av-subheading{\nfont-size:15px;\n}\n\n@media only screen and (min-width: 480px) and (max-width: 767px){ \n#top #wrap_all .av-special-heading.av-l3mzmz9g-79e26b6d3d9408d6e9c271f0a303cace .av-special-heading-tag{\nfont-size:0.8em;\n}\n}\n\n@media only screen and (max-width: 479px){ \n#top #wrap_all .av-special-heading.av-l3mzmz9g-79e26b6d3d9408d6e9c271f0a303cace .av-special-heading-tag{\nfont-size:0.8em;\n}\n}\n<\/style>\n<div  class='av-special-heading av-l3mzmz9g-79e26b6d3d9408d6e9c271f0a303cace av-special-heading-h3 custom-color-heading blockquote modern-quote modern-centered  avia-builder-el-3  el_after_av_hr  el_before_av_hr  av-inherit-size'><h3 class='av-special-heading-tag'  itemprop=\"headline\"  >BASES REGULADORES<\/h3><div class=\"special-heading-border\"><div class=\"special-heading-inner-border\"><\/div><\/div><\/div><br \/>\n\n<style type=\"text\/css\" data-created_by=\"avia_inline_auto\" id=\"style-css-av-4mn36m-64d1b514c65df5e52e253ae0768ed178\">\n#top .hr.hr-invisible.av-4mn36m-64d1b514c65df5e52e253ae0768ed178{\nheight:50px;\n}\n<\/style>\n<div  class='hr av-4mn36m-64d1b514c65df5e52e253ae0768ed178 hr-invisible  avia-builder-el-4  el_after_av_heading  avia-builder-el-last '><span class='hr-inner '><span class=\"hr-inner-style\"><\/span><\/span><\/div><\/p><\/div>\n\n<\/div><\/div><\/main><!-- close content main element --><\/div><\/div><\/div>\n<style type=\"text\/css\" data-created_by=\"avia_inline_auto\" id=\"style-css-av-2burim-f016d62c3cecfa309ca19e752c5fea52\">\n.avia-section.av-2burim-f016d62c3cecfa309ca19e752c5fea52{\nbackground-color:#f4f4f4;\nbackground-image:unset;\n}\n<\/style>\n<div id='av_section_2'  class='avia-section av-2burim-f016d62c3cecfa309ca19e752c5fea52 main_color avia-section-default avia-no-shadow  avia-builder-el-5  el_after_av_section  avia-builder-el-last  av-small-hide av-mini-hide avia-bg-style-scroll av-minimum-height av-minimum-height-50 av-height-50  container_wrap sidebar_right'   data-av_minimum_height_pc='50' data-av_min_height_opt='50'><div class='container av-section-cont-open' ><div class='template-page content  av-content-small alpha units'><div class='post-entry post-entry-type-page post-entry-3470'><div class='entry-content-wrapper clearfix'>\n\n<style type=\"text\/css\" data-created_by=\"avia_inline_auto\" id=\"style-css-av-l81jfv9d-81a03967b511a85243c7e506886098e6\">\n#top .av-special-heading.av-l81jfv9d-81a03967b511a85243c7e506886098e6{\npadding-bottom:10px;\nfont-size:32px;\n}\nbody .av-special-heading.av-l81jfv9d-81a03967b511a85243c7e506886098e6 .av-special-heading-tag .heading-char{\nfont-size:25px;\n}\n#top #wrap_all .av-special-heading.av-l81jfv9d-81a03967b511a85243c7e506886098e6 .av-special-heading-tag{\nfont-size:32px;\n}\n.av-special-heading.av-l81jfv9d-81a03967b511a85243c7e506886098e6 .av-subheading{\nfont-size:15px;\n}\n\n@media only screen and (min-width: 480px) and (max-width: 767px){ \n#top #wrap_all .av-special-heading.av-l81jfv9d-81a03967b511a85243c7e506886098e6 .av-special-heading-tag{\nfont-size:0.8em;\n}\n}\n\n@media only screen and (max-width: 479px){ \n#top #wrap_all .av-special-heading.av-l81jfv9d-81a03967b511a85243c7e506886098e6 .av-special-heading-tag{\nfont-size:0.8em;\n}\n}\n<\/style>\n<div  class='av-special-heading av-l81jfv9d-81a03967b511a85243c7e506886098e6 av-special-heading-h2 blockquote modern-quote  avia-builder-el-6  el_before_av_hr  avia-builder-el-first  av-inherit-size'><h2 class='av-special-heading-tag'  itemprop=\"headline\"  >BASES DELS PRESSUPOSTOS PARTICIPATIUS <span class='special_amp'>\u201c<\/span>PRIORITZEM ALFARA<span class='special_amp'>\u201d<\/span><\/h2><div class=\"special-heading-border\"><div class=\"special-heading-inner-border\"><\/div><\/div><\/div>\n\n<style type=\"text\/css\" data-created_by=\"avia_inline_auto\" id=\"style-css-av-l81jnlj3-ad14411a72e9b1e9a53d1e3076cf0b71\">\n#top .hr.hr-invisible.av-l81jnlj3-ad14411a72e9b1e9a53d1e3076cf0b71{\nheight:15px;\n}\n<\/style>\n<div  class='hr av-l81jnlj3-ad14411a72e9b1e9a53d1e3076cf0b71 hr-invisible  avia-builder-el-7  el_after_av_heading  el_before_av_textblock '><span class='hr-inner '><span class=\"hr-inner-style\"><\/span><\/span><\/div>\n\n<style type=\"text\/css\" data-created_by=\"avia_inline_auto\" id=\"style-css-av-l81jlkfw-179ece43036349b60ae9b4020f633f98\">\n#top .av_textblock_section.av-l81jlkfw-179ece43036349b60ae9b4020f633f98 .avia_textblock{\nfont-size:22px;\n}\n<\/style>\n<section  class='av_textblock_section av-l81jlkfw-179ece43036349b60ae9b4020f633f98 '   itemscope=\"itemscope\" itemtype=\"https:\/\/schema.org\/CreativeWork\" ><div class='avia_textblock'  itemprop=\"text\" ><ul>\n<li style=\"text-align: left;\"><strong>Document dissenyat per l&#8217;equip impulsor dels Pressupostos Participatius \u201cPrioritzem Alfara\u201d.<\/strong><\/li>\n<li style=\"text-align: left;\"><strong>Respectu\u00f3s amb l&#8217;\u00fas del llenguatge inclusiu.<\/strong><\/li>\n<\/ul>\n<p style=\"text-align: left;\"><strong>\u00a0<\/strong><\/p>\n<\/div><\/section>\n\n<style type=\"text\/css\" data-created_by=\"avia_inline_auto\" id=\"style-css-av-71mri-3cef237b82eb6d98e7f1b5d02a9b8fb5\">\n#top .hr.hr-invisible.av-71mri-3cef237b82eb6d98e7f1b5d02a9b8fb5{\nheight:50px;\n}\n<\/style>\n<div  class='hr av-71mri-3cef237b82eb6d98e7f1b5d02a9b8fb5 hr-invisible  avia-builder-el-9  el_after_av_textblock  el_before_av_textblock '><span class='hr-inner '><span class=\"hr-inner-style\"><\/span><\/span><\/div>\n<section  class='av_textblock_section av-l81jhh9t-40051779912cdfec37354aac2008af9f '   itemscope=\"itemscope\" itemtype=\"https:\/\/schema.org\/CreativeWork\" ><div class='avia_textblock'  itemprop=\"text\" ><ol>\n<li>\n<h3><strong>INTRODUCCI\u00d3<\/strong><\/h3>\n<\/li>\n<\/ol>\n<p style=\"text-align: justify;\">L&#8217;Ajuntament d&#8217;Alfara del Patriarca posa en marxa una nova edici\u00f3 dels <strong><em>Pressupostos Participatius <\/em><\/strong>sota la denominaci\u00f3 \u201c<strong><em>Prioritzem Alfara<\/em><\/strong><em>\u201d<\/em>. Els Pressupostos Participatius es configuren como una de les estrat\u00e8gies de participaci\u00f3 ciutadana mitjan\u00e7ant la qual es pret\u00e9n implicar \u00a0el ve\u00efnat, tant de manera directa com a trav\u00e9s del Consell Ve\u00efnal, en els processos de presa de decisions p\u00fabliques locals.<\/p>\n<p style=\"text-align: justify;\">Aquest projecte est\u00e0 finan\u00e7at per la l\u00ednia de subvencions en mat\u00e8ria de promoci\u00f3 de la participaci\u00f3 ciutadana que ofereix conjuntament la Generalitat Valenciana i la Diputaci\u00f3 de Val\u00e8ncia. L&#8217;edici\u00f3 d&#8217;enguany compta amb l&#8217;experi\u00e8ncia adquirida durant els processos anteriors i es fonamenta en el que es disposa en el Reglament de Participaci\u00f3 Ciutadana de l&#8217;Ajuntament d&#8217;Alfara del Patriarca.<\/p>\n<p style=\"text-align: justify;\">En el present document, aprovat per part del Consell Ve\u00efnal<a href=\"#_ftn1\" name=\"_ftnref1\">[1]<\/a> i la Junta de Govern Local, s&#8217;estableixen\u00a0 les bases i la metodologia a seguir en aquesta edici\u00f3 dels Pressupostos Participatius 2022, aix\u00ed com la calendaritzaci\u00f3 de cadascuna de les seues fases, i els requisits per a participar i presentar propostes per part de la ciutadania.<\/p>\n<p style=\"text-align: justify;\">Aix\u00ed doncs, mitjan\u00e7ant aquest proc\u00e9s, les ve\u00efnes i els ve\u00efns d&#8217;Alfara del Patriarca poden decidir de manera directa en qu\u00e8 utilitzar el 10% del total del cap\u00edtol d&#8217;inversions del pressupost municipal<a href=\"#_ftn2\" name=\"_ftnref2\">[2]<\/a>. En concret, l&#8217;import destinat a aquest projecte \u00e9s de 25.000 \u20ac.<\/p>\n<p><strong>\u00a0<\/strong><\/p>\n<h3><\/h3>\n<ol start=\"2\">\n<li>\n<h3><strong>FASES <\/strong><\/h3>\n<\/li>\n<\/ol>\n<table>\n<tbody>\n<tr>\n<td width=\"121\"><strong>COMUNICACI\u00d3<\/strong><\/td>\n<td width=\"130\"><strong>RECOLLIDA DE PROPOSTES<\/strong><\/td>\n<td><strong>ESTUDI DE VIABILITAT T\u00c8CNICA DE LES PROPOSTES<\/strong><\/td>\n<td><strong>OBERTURA DE LA VOTACI\u00d3 CIUTADANA<\/strong><\/td>\n<td><strong>EXECUCI\u00d3 DELS PROJECTES<\/strong><\/td>\n<\/tr>\n<tr>\n<td width=\"121\">Del 3 al 13 d&#8217;octubre de 2023<\/td>\n<td width=\"130\">Del 13 al 25 d&#8217;octubre de 2023<\/td>\n<td>Del \u00a026 al\u00a0 31 d&#8217;octubre\u00a0 de 2023<\/td>\n<td>Del 1 al 16 de febrer de 2024.<\/td>\n<td>A partir de mar\u00e7 de 2024.<\/td>\n<\/tr>\n<\/tbody>\n<\/table>\n<h3><strong>\u00a0<\/strong><\/h3>\n<ol start=\"3\">\n<li>\n<h3><span style=\"font-size: 14pt;\"><strong>METODOLOGIA<\/strong><\/span><strong style=\"font-size: 16px;\">:<\/strong><\/h3>\n<\/li>\n<\/ol>\n<p><u>1. COMUNICACI\u00d3: del 3 al 13 d&#8217;octubre de 2023<\/u><\/p>\n<p style=\"text-align: justify;\">Amb aquesta fase es pret\u00e9n donar a con\u00e9ixer la iniciativa de l&#8217;Ajuntament \u00a0d&#8217;Alfara del Patriarca i que aplegue al conjunt del ve\u00efnat del municipi per a fomentar la seua participaci\u00f3.<\/p>\n<p style=\"text-align: justify;\">Per a aquesta finalitat, en aquesta primera fase es faran tasques de repart domiciliari del d\u00edptic del projecte i\/o una campanya mitjan\u00e7ant xarxes socials municipals i el Portal de Participaci\u00f3 Ciutadana d&#8217;Alfara del Patriarca.<\/p>\n<p style=\"text-align: justify;\"><strong>\u00a0<\/strong><\/p>\n<p><u>2. RECOLLIDA DE PROPOSTES: del 13 al 25 d&#8217;octubre de 2023<\/u><\/p>\n<p>La recollida de propostes es podr\u00e0 realitzar mitjan\u00e7ant tres modalitats:<\/p>\n<ol>\n<li><strong>PRESENCIALMENT<\/strong> | URNES PARTICIPATIVES: s&#8217;haur\u00e0 de depositar el <em>\u201cButllet\u00ed de Proposta\u201d<\/em> en les urnes distribu\u00efdes en les seg\u00fcents instal\u00b7lacions municipals:<\/li>\n<\/ol>\n<ul>\n<li>Biblioteca Municipal: C. Don Emilio Ram\u00f3n Llin<\/li>\n<\/ul>\n<ul>\n<li>Ajuntament: Pla\u00e7a Sant Joan de Ribera, 4,<\/li>\n<\/ul>\n<ul>\n<li>Poliesportiu Municipal: Senda S\u00e9nia, 1<\/li>\n<\/ul>\n<ul>\n<li>Llar dels Jubilats: C. Bonifaci Ferrer, 2<\/li>\n<\/ul>\n<p style=\"text-align: justify;\">De manera paral\u00b7lela, es duran a terme 2 campanyes a peu de carrer, on es podr\u00e0 depositar el \u201cButllet\u00ed de Proposta\u201d comptant amb l&#8217;assist\u00e8ncia t\u00e8cnica del personal especialitzat en mat\u00e8ria de participaci\u00f3 ciutadana.<\/p>\n<p>Cada <em>\u201cButllet\u00ed de Proposta\u201d<\/em> contindr\u00e0 les seg\u00fcents dades identificatives de la iniciativa:<\/p>\n<ul>\n<li>Nom i cognoms:<\/li>\n<li>Data de naixement:<\/li>\n<li>Correu electr\u00f2nic:<\/li>\n<li>Tel\u00e8fon m\u00f2bil:<\/li>\n<li>Proposta 1: T\u00edtol de la proposta (resumit):<\/li>\n<li>Descripci\u00f3 de la proposta: (deixar un box per a emplenar)<\/li>\n<li>Proposta 2: T\u00edtol de la proposta (resumit):<\/li>\n<li>Descripci\u00f3 de la proposta: (deixar un box per a emplenar)<\/li>\n<\/ul>\n<p>Podr\u00e0s obtenir el butllet\u00ed de proposta directament als tr\u00edptics disponibles als punts de votaci\u00f3. Tamb\u00e9 el pots descarregar i imprimir a trav\u00e9s del apartat &#8220;materials&#8221; d&#8217;aquesta web.<\/p>\n<ol start=\"2\">\n<li style=\"text-align: justify;\"><strong>ONLINE<\/strong> | PORTAL DE PARTICIPACI\u00d3 CIUTADANA d&#8217;Alfara del Patriarca: mitjan\u00e7ant la web \u00a0 \u00a0\u201cwww.participacio.alfaradelpatriarca.es\u201d en l&#8217;apartat <em>Pressupostos Participatius &gt; Envia la teua proposta<\/em> es podran presentar propostes ciutadanes en el per\u00edode indicat per a aquesta fase. Les dades identificaries de la iniciativa sol\u00b7licitats seran les mateixes que en l&#8217;anterior modalitat.<\/li>\n<\/ol>\n<ol style=\"text-align: justify;\" start=\"3\">\n<li>CONSELL VE\u00cfNAL: aquest \u00f2rgan de participaci\u00f3 ciutadana tindr\u00e0 la potestat de presentar iniciatives.<\/li>\n<\/ol>\n<p><strong>\u00a0\u00a0<\/strong><\/p>\n<p style=\"text-align: justify;\"><strong>NOTA:<\/strong> Totes les propostes (independentment de la manera de presentar-les) seran estudiades i pressupostades amb la mateixa validesa i prioritat.<\/p>\n<p style=\"text-align: justify;\"><strong>NOTA 2:<\/strong> No \u00e9s necessari estar empadronat\/a\u00a0 a Alfara del Patriarca per a participar en aquesta fase.<\/p>\n<p><strong>\u00a0<\/strong><\/p>\n<p><u>3. ESTUDI DE LA VIABILITAT T\u00c8CNICA DE LES PROPOSTES: del 26 al\u00a0 31 d&#8217;octubre\u00a0 de 2023<\/u><\/p>\n<p style=\"text-align: justify;\">Es configurar\u00e0<strong> el Grup Dinamitzador dels Pressupostos Participatius<\/strong> \u201c<em>Prioritzem Alfara\u201d<\/em>, compost per personal t\u00e8cnic municipal i una persona de la \u00a0coordinaci\u00f3 externa del projecte.<\/p>\n<p style=\"text-align: justify;\">Aquest grup ser\u00e0 l&#8217;encarregat de valorar la viabilitat legal, t\u00e8cnica i econ\u00f2mica de cada proposta conforme als criteris disposats en les presents bases. Aquesta fase es realitza d&#8217;acord amb els apartats tercer i quart de l&#8217;article 14 del Reglament de Participaci\u00f3 Ciutadana sobre el procediment i les fases de treball dels Pressupostos Participatius.<\/p>\n<p style=\"text-align: justify;\">L&#8217;Ajuntament \u00a0d&#8217;Alfara del Patriarca nomenar\u00e0, per Decret d\u2019Alcaldia , al personal t\u00e8cnic municipal que compondr\u00e0 aquest Grup Dinamitzador, havent-se d&#8217;aquest publicar en la Seu Electr\u00f2nica de l&#8217;Ajuntament i en el Portal de Participaci\u00f3 Ciutadana.<\/p>\n<p style=\"text-align: justify;\">Aquest <strong>Grup de Dinamitzaci\u00f3 <\/strong>emetr\u00e0 un informe resolutori sobre les propostes acceptades i rebutjades per a la posterior fase de votaci\u00f3 ciutadana. Aquest informe es far\u00e0 p\u00fablic \u00a0en el Portal de Participaci\u00f3 Ciutadana d&#8217;Alfara del Patriarca, i en ell s&#8217;inclour\u00e0 el cost aproximat de cada projecte en cada modalitat.<\/p>\n<p>Els criteris per a seleccionar les propostes que passen a la seg\u00fcent fase es definiran sobre la base d&#8217;aquests criteris:<\/p>\n<ul>\n<li>Compet\u00e8ncia municipal en la mat\u00e8ria.<\/li>\n<li>Projecte que afecte el terme municipal d&#8217;Alfara del Patriarca.<\/li>\n<li>No contradir plans aprovats pel consistori.<\/li>\n<li>Ser t\u00e8cnicament realitzables.<\/li>\n<li>Ser econ\u00f2micament viables.<\/li>\n<li>Actuacions que no estiguen ja programades o en vies de fer-ho.<\/li>\n<li>Respectar la normativa vigent.<\/li>\n<li>Impacte mediambiental.<\/li>\n<li>Falta de nivell de concreci\u00f3.<\/li>\n<li>Impacte cap a les persones en situaci\u00f3 de risc o exclusi\u00f3 social.<\/li>\n<li>N\u00famero de poblaci\u00f3 afectada.<\/li>\n<li>Que no suposen subvencions a entitats o compromisos d&#8217;aquestes davant altres entitats p\u00fabliques supramunicipals.<\/li>\n<li>Que la despesa proposada siga respectuosa amb la igualtat de g\u00e8nere.<\/li>\n<\/ul>\n<p><strong>\u00a0<\/strong><\/p>\n<p style=\"text-align: justify;\"><strong>NOTA: <\/strong>s&#8217;enviar\u00e0 un correu electr\u00f2nic a la persona la proposta de la qual haja sigut rebutjada, indicant-li el\/els motiu\/s de desestimaci\u00f3 considerat\/s per part del Grup Dinamitzador dels Pressupostos Participatius \u201c<strong><em>Prioritzem Alfara<\/em><\/strong><em>\u201d<\/em>.<\/p>\n<p><strong>\u00a0<\/strong><\/p>\n<p style=\"text-align: justify;\"><u>4. OBERTURA DE LA VOTACI\u00d3 CIUTADANA: del 1 al 16 de febrer de 2024.<\/u><\/p>\n<p style=\"text-align: justify;\">Una vegada el <strong>Grup de Dinamitzaci\u00f3 de les Propostes<\/strong> dels Pressupostos Participatius \u201c<strong><em>Prioritzem Alfara<\/em><\/strong>\u201d emeta l&#8217;informe amb les propostes que passen a aquesta fase de Votaci\u00f3 Ciutadana, el llistat d&#8217;aquestes\u00a0 es publicar\u00e0 en el Portal de Participaci\u00f3 Ciutadana d&#8217;Alfara del Patriarca.<\/p>\n<p style=\"text-align: justify;\">Per a participar en les votacions les persones han d&#8217;estar inscrites en el Padr\u00f3 Municipal a data d&#8217;1 de setembre de 2022 i haver complit almenys els 16 anys en aquesta mateixa data.<\/p>\n<p style=\"text-align: justify;\">\u00c9s obligatori registrar-se en el Portal de Participaci\u00f3 Ciutadana d&#8217;Alfara del Patriarca i acceptar les seues condicions d&#8217;\u00fas.<\/p>\n<p style=\"text-align: justify;\">Les votacions s\u00f3n an\u00f2nimes i no deixen empremta digital en la plataforma de Participaci\u00f3 Ciutadana d&#8217;Alfara del Patriarca sobre el sentit dels vots de la persona participant.<\/p>\n<p style=\"text-align: justify;\">L&#8217;equip impulsor del projecte facilitar\u00e0 les votacions en el Portal de Participaci\u00f3 Ciutadana d&#8217;Alfara del Patriarca amb campanyes a peu de carrer a aquelles persones amb dificultats en l&#8217;acc\u00e9s a les Noves Tecnologies de la Informaci\u00f3 i Comunicaci\u00f3.<\/p>\n<p style=\"text-align: justify;\">Cada ciutad\u00e0\/a podr\u00e0 emetre el seu vot fins a tres propostes ciutadanes i variar el sentit d&#8217;aquest fins al dia i hora de tancament de les votacions, que s&#8217;estableix en les 20 hores del 16 de febrer de 2023.<\/p>\n<p style=\"text-align: justify;\">Els projectes triats seran els que aconseguisquen el major nombre de vots registrats, fins a esgotar l&#8217;import assignat, 25.000 \u20ac<\/p>\n<p style=\"text-align: justify;\">L&#8217;acta d&#8217;escrutini final es far\u00e0 p\u00fablica en el Portal de Participaci\u00f3 Ciutadana i en les xarxes socials municipals.<\/p>\n<p><strong>\u00a0<\/strong><\/p>\n<p style=\"text-align: justify;\"><u>5. EXECUCI\u00d3 DE PROJECTES<\/u>: <u>a partir de mar\u00e7 de 2024.<\/u><\/p>\n<p style=\"text-align: justify;\">L&#8217;execuci\u00f3 dels projectes es realitzar\u00e0 a partir de gener de 2024 a iniciativa de la regidoria corresponent (segons els projectes guanyadors) al costat del Departament de Contractaci\u00f3 de l&#8217;Ajuntament \u00a0d&#8217;Alfara del Patriarca i sota la coordinaci\u00f3 de la\u00a0 regidoria de Participaci\u00f3 Ciutadana.<\/p>\n<p style=\"text-align: justify;\">Els projectes triats s&#8217;aniran executant, pr\u00e8via habilitaci\u00f3 del cr\u00e8dit pressupostari corresponent, d&#8217;acord amb la normativa de contractaci\u00f3 p\u00fablica.<\/p>\n<p style=\"text-align: justify;\">Durant aquest temps, la regidoria de Participaci\u00f3 Ciutadana informar\u00e0, en primer lloc, als\/les ve\u00efns\/nes les propostes dels quals hagen sigut triades de l&#8217;estat d&#8217;execuci\u00f3 d&#8217;aquestes.<\/p>\n<p style=\"text-align: justify;\">Posteriorment, el Consell Ve\u00efnal d&#8217;Alfara del Patriarca dur\u00e0 a terme el seguiment i l&#8217;avaluaci\u00f3 sobre l&#8217;estat de l&#8217;execuci\u00f3 de les iniciatives guanyadores. Aquesta avaluaci\u00f3 es realitzar\u00e0 mitjan\u00e7ant el contacte directe amb les persones responsables de l&#8217;execuci\u00f3 del projecte i la respectiva regidoria.<\/p>\n<p><strong>\u00a0<\/strong><\/p>\n<p><strong>\u00a0<\/strong><\/p>\n<p><strong>M\u00c9S INFORMACI\u00d3 O INCID\u00c8NCIES:<\/strong><\/p>\n<p>Tel\u00e8fon assist\u00e8ncia t\u00e8cnica: 96 311 02 66 Ext. 4 (EQU\u00c0LITAT, participaci\u00f3 i igualtat)<\/p>\n<p>Correu: alfaradelpatriarca@equalitat.es<\/p>\n<p>Facebook: @ajuntamentAlfaradelpatriarca \/ @equalitat<\/p>\n<p>Twitter: @Alfarajuntament \/ @equalitat<\/p>\n<p>Instagram: @aj_alfaradelpatriarca \/ @equalitat<\/p>\n<p><strong>\u00a0<\/strong><\/p>\n<p><strong><em>&#8220;BUTLLET\u00cd DE PROPOSTA&#8221;<\/em><\/strong><\/p>\n<p style=\"text-align: justify;\">Ompli tants butlletins com desitge i deposita\u2019ls en les urnes que se situaran en els edificis municipals d&#8217;Alfara del Patriarca destinats a aquest efecte .<\/p>\n<p style=\"text-align: justify;\">Llitja detingudament les bases dels Pressupostos Participatius \u201c<strong><em>Prioritzem Alfara<\/em><\/strong><em>\u201d <\/em>per a con\u00e9ixer la metodologia i els terminis.<\/p>\n<ul style=\"text-align: justify;\">\n<li>Nom i cognoms:<\/li>\n<li>Data de naixement:<\/li>\n<li>Correu electr\u00f2nic:<\/li>\n<li>Tel\u00e8fon m\u00f2bil:<\/li>\n<li>Proposta 1: T\u00edtol de la proposta (resumit):<\/li>\n<li>Descripci\u00f3 de la proposta: (deixar un box per a emplenar)<\/li>\n<li>Proposta 2: T\u00edtol de la proposta (resumit):<\/li>\n<li>Descripci\u00f3 de la proposta: (deixar un box per a emplenar)<\/li>\n<\/ul>\n<p style=\"text-align: justify;\"><strong>\u00a0<\/strong><\/p>\n<p style=\"text-align: justify;\"><em>Totes les dades proporcionades seran tractats sobre la base del RGPD i seran utilitzats EXCLUSIVAMENT per a gestionar les propostes presentades per la ciutadania en els PRESSUPOSTOS PARTICIPATIUS 2023 d&#8217;Alfara del Patriarca.<\/em><\/p>\n<p><a href=\"#_ftnref1\" name=\"_ftn1\">[1]<\/a> D&#8217;acord amb el que s&#8217;estableix en l&#8217;art. 13.3 del Reglament de Participaci\u00f3 Ciutadana de l&#8217;Ajuntament d&#8217;Alfara del Patriarca.<\/p>\n<p><a href=\"#_ftnref2\" name=\"_ftn2\"><sup>[2]<\/sup><\/a><sup> \u00a0<\/sup>Art\u00edcle 13.2 del Reglament de Participaci\u00f3 Ciutadana.<\/p>\n<\/div><\/section>\n<\/div><\/div><\/div><!-- close content main div --><\/div><\/div><div id='after_section_2'  class='main_color av_default_container_wrap container_wrap sidebar_right'  ><div class='container av-section-cont-open' ><div class='template-page content  av-content-small alpha units'><div class='post-entry post-entry-type-page post-entry-3470'><div class='entry-content-wrapper clearfix'>\n","protected":false},"excerpt":{"rendered":"","protected":false},"author":1944,"featured_media":5818,"parent":0,"menu_order":0,"comment_status":"closed","ping_status":"closed","template":"","meta":{"_joinchat":[],"footnotes":""},"class_list":["post-3470","page","type-page","status-publish","has-post-thumbnail","hentry"],"jetpack_shortlink":"https:\/\/wp.me\/Pd2vnt-TY","jetpack_sharing_enabled":true,"_links":{"self":[{"href":"https:\/\/participacio.alfaradelpatriarca.es\/va\/wp-json\/wp\/v2\/pages\/3470","targetHints":{"allow":["GET"]}}],"collection":[{"href":"https:\/\/participacio.alfaradelpatriarca.es\/va\/wp-json\/wp\/v2\/pages"}],"about":[{"href":"https:\/\/participacio.alfaradelpatriarca.es\/va\/wp-json\/wp\/v2\/types\/page"}],"author":[{"embeddable":true,"href":"https:\/\/participacio.alfaradelpatriarca.es\/va\/wp-json\/wp\/v2\/users\/1944"}],"replies":[{"embeddable":true,"href":"https:\/\/participacio.alfaradelpatriarca.es\/va\/wp-json\/wp\/v2\/comments?post=3470"}],"version-history":[{"count":18,"href":"https:\/\/participacio.alfaradelpatriarca.es\/va\/wp-json\/wp\/v2\/pages\/3470\/revisions"}],"predecessor-version":[{"id":6859,"href":"https:\/\/participacio.alfaradelpatriarca.es\/va\/wp-json\/wp\/v2\/pages\/3470\/revisions\/6859"}],"wp:featuredmedia":[{"embeddable":true,"href":"https:\/\/participacio.alfaradelpatriarca.es\/va\/wp-json\/wp\/v2\/media\/5818"}],"wp:attachment":[{"href":"https:\/\/participacio.alfaradelpatriarca.es\/va\/wp-json\/wp\/v2\/media?parent=3470"}],"curies":[{"name":"wp","href":"https:\/\/api.w.org\/{rel}","templated":true}]}}