{"id":3168,"date":"2016-11-13T16:56:43","date_gmt":"2016-11-13T15:56:43","guid":{"rendered":"https:\/\/lolleriatria.org\/politica-de-privacidad\/"},"modified":"2022-05-27T09:48:03","modified_gmt":"2022-05-27T07:48:03","slug":"politica-de-privacitat","status":"publish","type":"page","link":"https:\/\/participacio.alfaradelpatriarca.es\/va\/politica-de-privacitat\/","title":{"rendered":"Pol\u00edtica de Privacitat"},"content":{"rendered":"<h2>1. INFORMACI\u00d3 A L&#8217;USUARI<\/h2>\n\n<style type=\"text\/css\" data-created_by=\"avia_inline_auto\" id=\"style-css-av-ac11y-e3a9acd8f7ef0fe7473240405777a839\">\n#top .hr.hr-invisible.av-ac11y-e3a9acd8f7ef0fe7473240405777a839{\nheight:25px;\n}\n<\/style>\n<div  class='hr av-ac11y-e3a9acd8f7ef0fe7473240405777a839 hr-invisible  avia-builder-el-0  el_before_av_hr  avia-builder-el-first '><span class='hr-inner '><span class=\"hr-inner-style\"><\/span><\/span><\/div>\n<h3>Qui \u00e9s el responsable del tractament de les teues dades personals?<\/h3>\n<p>Ajuntament Alfara del Patriarca \u00e9s el RESPONSABLE del tractament de les dades personals de l&#8217;USUARI i l&#8217;informa que aquestes dades seran tractades de conformitat amb el que es disposa en el Reglament (UE) 2016\/679, de 27 d&#8217;abril\u00a0 (GDPR), i la Llei org\u00e0nica\u00a0 3\/2018, de\u00a0 5 de desembre (LOPDGDD).<\/p>\n<h3>Per a qu\u00e8 tractem les teues dades personals i per qu\u00e8 ho fem?<\/h3>\n<p>Segons el formulari on h\u00e0gem obtingut les seues dades personals, els tractarem de manera confidencial per a aconseguir el seg\u00fcent f\u00ed: en aquesta entitat tractem la informaci\u00f3 obtinguda amb la finalitat de poder tramitar els expedients administratius i les actuacions derivades d\u2019ells.<\/p>\n<h3>Durant quant temps guardarem les teues dades personals?<\/h3>\n<p>Es conservaran durant no m\u00e9s temps del necessari per a mantindre la fi del tractament o existisquen prescripcions legals que dictaminen la seua cust\u00f2dia i quan ja no siga necessari per a aix\u00f2, se suprimiran amb mesures de seguretat adequades per a garantir l&#8217;anonimitzaci\u00f3\u00a0 de les\u00a0 dades o la destrucci\u00f3 total d&#8217;aquests\u00a0 .<\/p>\n<h3>A qui facilitem les seues dades personals?<\/h3>\n<p>No est\u00e0 prevista cap comunicaci\u00f3 de dades personals a tercers excepte, si fora necessari per al desenvolupament i execuci\u00f3 de les finalitats del tractament, als nostres prove\u00efdors de serveis relacionats amb comunicacions, amb els quals el RESPONSABLE t\u00e9 subscrits els contractes de confidencialitat i d&#8217;encarregat de tractament exigits per la \u00a0normativa vigent de privacitat.<\/p>\n<h3>Quins s\u00f3n els teus drets?<\/h3>\n<p>Els drets que assisteixen a l&#8217;USUARI \u00a0s\u00f3n:<\/p>\n<ul>\n<li>Dret a retirar el consentiment en qualsevol moment.<\/li>\n<li>Dret d&#8217;acc\u00e9s,\u00a0 rectificaci\u00f3, portabilitat i supressi\u00f3 de les seues dades, i de limitaci\u00f3 o oposici\u00f3 al seu tractament.<\/li>\n<li>Dret a presentar una reclamaci\u00f3 davant l&#8217;autoritat \u00a0de control (www.aepd.es) si considera que el tractament no s&#8217;ajusta\u00a0 a la\u00a0 normativa vigent.<\/li>\n<li>Dades de contacte per a exercir els seus drets:<\/li>\n<li>Ajuntament Alfara del Patriarca \u00a0. PLA\u00c7A SANT JOAN \u00a0DE RIBERA, 4 &#8211; 46115 ALFARA DEL PATRIARCA\u00a0 \u00a0(Val\u00e8ncia). E-mail: <a href=\"mailto:secretari@alfaradelpatriarca.es\">secretari@alfaradelpatriarca.es<\/a><\/li>\n<li>Dades de contacte del delegat de protecci\u00f3 de dades: PARC EUROPA, 5 BAIX<\/li>\n<\/ul>\n\n<style type=\"text\/css\" data-created_by=\"avia_inline_auto\" id=\"style-css-av-ac11y-3-2c9d14ea7e17da18b408b841088128f6\">\n#top .hr.hr-invisible.av-ac11y-3-2c9d14ea7e17da18b408b841088128f6{\nheight:25px;\n}\n<\/style>\n<div  class='hr av-ac11y-3-2c9d14ea7e17da18b408b841088128f6 hr-invisible  avia-builder-el-1  el_after_av_hr  el_before_av_hr '><span class='hr-inner '><span class=\"hr-inner-style\"><\/span><\/span><\/div>\n<h2><\/h2>\n<h2>2. CAR\u00c0CTER OBLIGATORI O FACULTATIU DE LA INFORMACI\u00d3 FACILITADA PER L&#8217;USUARI<\/h2>\n<p>Els USUARIS, mitjan\u00e7ant la marcaci\u00f3 de les caselles corresponents i l&#8217;entrada de dades en els camps, marcats amb un asterisc (*) en el formulari de contacte o presentats en formularis de desc\u00e0rrega, accepten expressament i de manera lliure i inequ\u00edvoca, que les seues dades s\u00f3n necess\u00e0ries per a atendre la seua petici\u00f3, per part del prestador, sent volunt\u00e0ria la inclusi\u00f3 de dades en els camps restants. L&#8217;USUARI garanteix que les dades personals facilitades al RESPONSABLE s\u00f3n vera\u00e7os i es fa responsable de comunicar qualsevol modificaci\u00f3 d&#8217;aquests\u00a0 .<\/p>\n<p>El RESPONSABLE informa que totes les dades sol\u00b7licitades a trav\u00e9s del lloc web s\u00f3n obligatoris, ja que s\u00f3n necessaris per a la prestaci\u00f3 d&#8217;un servei \u00f2ptim a l&#8217;USUARI. En cas que no es faciliten totes les dades, no es garanteix que la informaci\u00f3 i serveis facilitats siguen completament ajustats a les seues necessitats.<\/p>\n\n<style type=\"text\/css\" data-created_by=\"avia_inline_auto\" id=\"style-css-av-ac11y-2-01b838c21b7870ea203631956dfe565a\">\n#top .hr.hr-invisible.av-ac11y-2-01b838c21b7870ea203631956dfe565a{\nheight:50px;\n}\n<\/style>\n<div  class='hr av-ac11y-2-01b838c21b7870ea203631956dfe565a hr-invisible  avia-builder-el-2  el_after_av_hr  el_before_av_hr '><span class='hr-inner '><span class=\"hr-inner-style\"><\/span><\/span><\/div>\n<h2>3.MESURES DE SEGURETAT<\/h2>\n<p>Que de conformitat amb el que es disposa en les normatives vigents en protecci\u00f3 de dades personals, el RESPONSABLE est\u00e0 complint amb totes les disposicions de les normatives GDPR i LOPDGDD per al tractament de les dades personals de la seua responsabilitat, i manifestament amb els principis descrits en l&#8217;article 5 del GDPR, pels quals \u00a0s\u00f3n tractats de manera l\u00edcita, lleial i transparent en relaci\u00f3 amb l&#8217;interessat i adequats, pertinents i limitats al \u00a0necessari en relaci\u00f3 amb els fins per als quals \u00a0s\u00f3n tractats.<\/p>\n<p>El RESPONSABLE garanteix que ha implementat pol\u00edtiques t\u00e8cniques i organitzatives apropiades per a aplicar les mesures de seguretat que estableixen el GDPR i la LOPDGDD amb la finalitat de protegir els drets i llibertats dels USUARIS i els ha comunicat la informaci\u00f3 adequada perqu\u00e8\u00a0 puguen exercir-los.<\/p>\n<p>Per a m\u00e9s informaci\u00f3 sobre les garanties de privacitat, pots dirigir-te al RESPONSABLE a trav\u00e9s d&#8217;Ajuntament Alfara del Patriarca\u00a0 . PLA\u00c7A SANT JOAN\u00a0 DE RIBERA, 4 &#8211; 46115 ALFARA DEL PATRIARCA\u00a0\u00a0 (Val\u00e8ncia). E-mail: <a href=\"mailto:secretari@alfaradelpatriarca.es\">secretari@alfaradelpatriarca.es<\/a><\/p>\n<p>Dades de contacte del delegat de protecci\u00f3 de dades: PARC EUROPA, 5 BAIX &#8211;<\/p>\n\n<style type=\"text\/css\" data-created_by=\"avia_inline_auto\" id=\"style-css-av-ac11y-1-609eb658ec2ee8fccd0d2bd764fc4457\">\n#top .hr.hr-invisible.av-ac11y-1-609eb658ec2ee8fccd0d2bd764fc4457{\nheight:25px;\n}\n<\/style>\n<div  class='hr av-ac11y-1-609eb658ec2ee8fccd0d2bd764fc4457 hr-invisible  avia-builder-el-3  el_after_av_hr  avia-builder-el-last '><span class='hr-inner '><span class=\"hr-inner-style\"><\/span><\/span><\/div>\n<p>&nbsp;<\/p>\n","protected":false},"excerpt":{"rendered":"<p>1. INFORMACI\u00d3 A L&#8217;USUARI Qui \u00e9s el responsable del tractament de les teues dades personals? Ajuntament Alfara del Patriarca \u00e9s el RESPONSABLE del tractament de les dades personals de l&#8217;USUARI i l&#8217;informa que aquestes dades seran tractades de conformitat amb el que es disposa en el Reglament (UE) 2016\/679, de 27 d&#8217;abril\u00a0 (GDPR), i la [&hellip;]<\/p>\n","protected":false},"author":1944,"featured_media":0,"parent":0,"menu_order":0,"comment_status":"closed","ping_status":"closed","template":"","meta":{"_joinchat":[],"footnotes":""},"class_list":["post-3168","page","type-page","status-publish","hentry"],"jetpack_shortlink":"https:\/\/wp.me\/Pd2vnt-P6","jetpack_sharing_enabled":true,"_links":{"self":[{"href":"https:\/\/participacio.alfaradelpatriarca.es\/va\/wp-json\/wp\/v2\/pages\/3168","targetHints":{"allow":["GET"]}}],"collection":[{"href":"https:\/\/participacio.alfaradelpatriarca.es\/va\/wp-json\/wp\/v2\/pages"}],"about":[{"href":"https:\/\/participacio.alfaradelpatriarca.es\/va\/wp-json\/wp\/v2\/types\/page"}],"author":[{"embeddable":true,"href":"https:\/\/participacio.alfaradelpatriarca.es\/va\/wp-json\/wp\/v2\/users\/1944"}],"replies":[{"embeddable":true,"href":"https:\/\/participacio.alfaradelpatriarca.es\/va\/wp-json\/wp\/v2\/comments?post=3168"}],"version-history":[{"count":14,"href":"https:\/\/participacio.alfaradelpatriarca.es\/va\/wp-json\/wp\/v2\/pages\/3168\/revisions"}],"predecessor-version":[{"id":6066,"href":"https:\/\/participacio.alfaradelpatriarca.es\/va\/wp-json\/wp\/v2\/pages\/3168\/revisions\/6066"}],"wp:attachment":[{"href":"https:\/\/participacio.alfaradelpatriarca.es\/va\/wp-json\/wp\/v2\/media?parent=3168"}],"curies":[{"name":"wp","href":"https:\/\/api.w.org\/{rel}","templated":true}]}}