{"id":3166,"date":"2017-07-17T16:56:50","date_gmt":"2017-07-17T14:56:50","guid":{"rendered":"https:\/\/lolleriatria.org\/politica-de-cookies\/"},"modified":"2022-05-27T09:53:37","modified_gmt":"2022-05-27T07:53:37","slug":"politica-de-cookies","status":"publish","type":"page","link":"https:\/\/participacio.alfaradelpatriarca.es\/va\/politica-de-cookies\/","title":{"rendered":"Pol\u00edtica de Cookies"},"content":{"rendered":"<h2>INFORMACI\u00d3 SOBRE COOKIES<\/h2>\n<p>A causa de l&#8217;entrada en vigor de la referent modificaci\u00f3 de la \u00abLlei de Serveis de la Societat de la Informaci\u00f3\u00bb (LSSICE) establida pel Reial decret 13\/2012, \u00e9s d&#8217;obligaci\u00f3 obtindre el consentiment expr\u00e9s de l&#8217;usuari de totes les p\u00e0gines web que usen <em>cookies <\/em>prescindibles, abans que aquest navegue per elles.<\/p>\n\n<style type=\"text\/css\" data-created_by=\"avia_inline_auto\" id=\"style-css-av-ac11y-943b0efe42b9f17a67025d56758c008e\">\n#top .hr.hr-invisible.av-ac11y-943b0efe42b9f17a67025d56758c008e{\nheight:50px;\n}\n<\/style>\n<div  class='hr av-ac11y-943b0efe42b9f17a67025d56758c008e hr-invisible  avia-builder-el-0  el_before_av_hr  avia-builder-el-first '><span class='hr-inner '><span class=\"hr-inner-style\"><\/span><\/span><\/div>\n<h2>QU\u00c8 S\u00d3N LES COOKIES?<\/h2>\n<p>Les <em>cookies <\/em>i altres tecnologies similars com ara local shared objects, flaix <em>cookies <\/em>o p\u00edxels, s\u00f3n eines emprades pels\u00a0 servidors Web per a emmagatzemar i recuperar informaci\u00f3 sobre\u00a0 els seus visitants, aix\u00ed com per a oferir un correcte funcionament del lloc.<\/p>\n<p>Mitjan\u00e7ant l&#8217;\u00fas d&#8217;aquests dispositius es permet al servidor Web recordar algunes dades concernents a l&#8217;usuari, com les seues prefer\u00e8ncies per a la visualitzaci\u00f3 de les p\u00e0gines d&#8217;aqueix servidor, nom i contrasenya, productes que m\u00e9s li interessen, etc.<\/p>\n\n<style type=\"text\/css\" data-created_by=\"avia_inline_auto\" id=\"style-css-av-ac11y-4-27770bd56aafb686f509af2051264301\">\n#top .hr.hr-invisible.av-ac11y-4-27770bd56aafb686f509af2051264301{\nheight:50px;\n}\n<\/style>\n<div  class='hr av-ac11y-4-27770bd56aafb686f509af2051264301 hr-invisible  avia-builder-el-1  el_after_av_hr  el_before_av_hr '><span class='hr-inner '><span class=\"hr-inner-style\"><\/span><\/span><\/div>\n<h2><em>COOKIES <\/em>AFECTADES PER LA\u00a0 NORMATIVA I COOKIES EXCEPTUADES<\/h2>\n<p><strong>\u00a0<\/strong>Segons la directiva de la UE, les <em>cookies <\/em>que requereixen el consentiment informat per part de l&#8217;usuari s\u00f3n les <em>cookies <\/em>d&#8217;anal\u00edtica \u00a0i les de\u00a0 publicitat i afiliaci\u00f3, quedant exceptuades les de\u00a0 car\u00e0cter t\u00e8cnic i les necess\u00e0ries per al\u00a0 funcionament del lloc web\u00a0 o la prestaci\u00f3 de serveis expressament sol\u00b7licitats per l&#8217;usuari..<\/p>\n\n<style type=\"text\/css\" data-created_by=\"avia_inline_auto\" id=\"style-css-av-ac11y-3-3b2a279598e39d3887c9c44b5d780497\">\n#top .hr.hr-invisible.av-ac11y-3-3b2a279598e39d3887c9c44b5d780497{\nheight:50px;\n}\n<\/style>\n<div  class='hr av-ac11y-3-3b2a279598e39d3887c9c44b5d780497 hr-invisible  avia-builder-el-2  el_after_av_hr  el_before_av_hr '><span class='hr-inner '><span class=\"hr-inner-style\"><\/span><\/span><\/div>\n<h2>TIPUS DE COOKIES<\/h2>\n\n<style type=\"text\/css\" data-created_by=\"avia_inline_auto\" id=\"style-css-av-ac11y-2-b9c1b939fd325fadc068651ee840e1d6\">\n#top .hr.hr-invisible.av-ac11y-2-b9c1b939fd325fadc068651ee840e1d6{\nheight:25px;\n}\n<\/style>\n<div  class='hr av-ac11y-2-b9c1b939fd325fadc068651ee840e1d6 hr-invisible  avia-builder-el-3  el_after_av_hr  el_before_av_hr '><span class='hr-inner '><span class=\"hr-inner-style\"><\/span><\/span><\/div>\n<h3><strong>SEGONS LA FINALITAT<\/strong><\/h3>\n<ul>\n<li><strong>\u00a0<\/strong><strong><em>Cookies <\/em><\/strong><strong>t\u00e8cniques i funcionals<\/strong>: s\u00f3n aquelles que permeten a l&#8217;usuari\u00a0 la navegaci\u00f3 a trav\u00e9s\u00a0 d&#8217;una\u00a0 p\u00e0gina web, plataforma o aplicaci\u00f3 i la utilitzaci\u00f3 de les \u00a0diferents opcions o serveis que en ella existisquen<em>.<\/em><\/li>\n<li><strong><em>Cookies <\/em><\/strong><strong>anal\u00edtiques<\/strong>: s\u00f3n aquelles que permeten al responsable de les mateixes el seguiment i an\u00e0lisi del comportament dels usuaris dels llocs web als quals estan vinculades. La informaci\u00f3 recollida mitjan\u00e7ant aquesta mena de <em>cookies <\/em>s&#8217;utilitza en el mesurament de l&#8217;activitat dels llocs web, aplicaci\u00f3 o plataforma i per a l&#8217;elaboraci\u00f3 de perfils de navegaci\u00f3 dels usuaris d&#8217;aquests llocs, aplicacions i plataformes, amb la finalitat d&#8217;introduir \u00a0millores en funci\u00f3 de l&#8217;an\u00e0lisi \u00a0de les \u00a0dades d&#8217;\u00fas \u00a0que fan els usuaris del servei.<\/li>\n<li><strong><em>Cookies <\/em><\/strong><strong>publicit\u00e0ries: <\/strong>s\u00f3n aquelles que permeten la gesti\u00f3, de la forma m\u00e9s efica\u00e7 possible, dels espais publicitaris que, en el seu cas, l&#8217;editor haja incl\u00f2s en una p\u00e0gina web, aplicaci\u00f3 o plataforma des de la qual presta el servei sol\u00b7licitat sobre la base de\u00a0 \u00a0\u00a0\u00a0criteris com el contingut editat o la freq\u00fc\u00e8ncia en la qual \u00a0es mostren els anuncis.<\/li>\n<li><strong><em>Cookies <\/em><\/strong><strong>de publicitat comportamental<\/strong>: recullen informaci\u00f3 sobre les prefer\u00e8ncies i eleccions personals de l&#8217;usuari (<em>retargeting<\/em>) per a permetre la gesti\u00f3, de la forma m\u00e9s efica\u00e7 possible, dels espais publicitaris que, en el seu cas \u00a0, l&#8217;editor haja incl\u00f2s en una p\u00e0gina web, aplicaci\u00f3 o plataforma des de la qual presta el servei sol\u00b7licitat.<\/li>\n<li><strong><em>Cookies <\/em><\/strong><strong>socials<\/strong>: s\u00f3n establides per les \u00a0plataformes de xarxes socials en els serveis per a permetre-li compartir contingut amb els seus amics i xarxes. Les plataformes de mitjans socials tenen la capacitat de rastrejar la seua activitat en l\u00ednia\u00a0 anara dels\u00a0 Serveis. Aix\u00f2 pot afectar \u00a0el contingut i els missatges que veu en altres serveis que visita. <strong><em>Cookies <\/em><\/strong><strong>d&#8217;afiliats <\/strong>: permeten fer un seguiment de les \u00a0visites procedents d&#8217;altres \u00a0webs, amb les quals\u00a0 el lloc web estableix un contracte d&#8217;afiliaci\u00f3\u00a0 (empreses d&#8217;afiliaci\u00f3)..<\/li>\n<li><strong><em>Cookies <\/em><\/strong><strong>de seguretat<\/strong>: emmagatzemen informaci\u00f3 xifrada per a evitar que les dades guardades en elles siguen vulnerables a atacs maliciosos de tercers.<\/li>\n<\/ul>\n<p>&nbsp;<\/p>\n<h3>SEGONS LA PROPIETAT<\/h3>\n<ul>\n<li><strong>\u00a0<\/strong><strong><em>Cookies <\/em><\/strong><strong>pr\u00f2pies<\/strong>: s\u00f3n aquelles que s&#8217;envien\u00a0 a l&#8217;equip \u00a0terminal de l&#8217;usuari \u00a0des d&#8217;un \u00a0equip o domini gestionat pel\u00a0 propi editor i des del qual\u00a0 es presta el servei sol\u00b7licitat per l&#8217;usuari..<\/li>\n<li><strong><em>Cookies <\/em><\/strong><strong>de tercers: <\/strong>s\u00f3n aquelles que s&#8217;envien\u00a0 a l&#8217;equip \u00a0terminal de l&#8217;usuari \u00a0des d&#8217;un\u00a0 equip o domini que no \u00e9s gestionat per l&#8217;editor,\u00a0\u00a0 sin\u00f3 per una altra entitat que tracta les dades obtingudes trav\u00e9s de les \u00a0cookies.<\/li>\n<\/ul>\n<p>&nbsp;<\/p>\n<h3>SEGONS EL TERMINI DE CONSERVACI\u00d3<\/h3>\n<ul>\n<li><strong>\u00a0<\/strong><strong><em>Cookies <\/em><\/strong><strong>de sessi\u00f3: <\/strong>s\u00f3n un tipus de <em>cookies <\/em>dissenyades per a recaptar i emmagatzemar dades mentre l&#8217;usuari\u00a0 accedeix a una p\u00e0gina web.<\/li>\n<li><strong><em>Cookies <\/em><\/strong><strong>persistents: <\/strong>s\u00f3n un tipus de cookies en el qual les dades segueixen emmagatzemats en el terminal i poden ser accedits i tractats durant un per\u00edode definit pel\u00a0 responsable de la \u00a0<em>cookie<\/em>, i que pot anar d&#8217;uns\u00a0 minuts a diversos anys.<\/li>\n<\/ul>\n<p>&nbsp;<\/p>\n<h2>TRACTAMENT DE DADES PERSONALS<\/h2>\n<p><strong>\u00a0<\/strong>Ajuntament Alfara del Patriarca \u00e9s el <strong>Responsable del tractament <\/strong>de les \u00a0dades personals de l&#8217;Interessat <strong>\u00a0<\/strong>i l&#8217;informa \u00a0que aquestes dades seran tractades de conformitat amb el que es disposa en el Reglament (UE) 2016\/679, de 27 d&#8217;abril de 2016 (GDPR), per la qual cosa \u00a0se li facilita la seg\u00fcent informaci\u00f3 del tractament:<\/p>\n<ul>\n<li><strong>Fins<\/strong> <strong>del<\/strong> <strong>tractament:<\/strong> segons s&#8217;especifica\u00a0 en l&#8217;apartat \u00a0de <em>cookies <\/em>que s&#8217;utilitzen\u00a0 en aquest lloc web .<\/li>\n<li><strong>Legitimaci\u00f3 del tractament<\/strong>: per consentiment de l&#8217;interessat \u00a0(art. 6.1 GDPR).<\/li>\n<li><strong>Criteris<\/strong> <strong>de<\/strong> <strong>conservaci\u00f3<\/strong> <strong>de les<\/strong><strong>\u00a0 <\/strong><strong>dades<\/strong>: segons s&#8217;especifica\u00a0 en l&#8217;apartat \u00a0de <em>cookies <\/em>utilitzades en la web.<\/li>\n<li><strong>Comunicaci\u00f3 de les\u00a0 dades<\/strong>: no es comunicaran \u00a0les dades a tercers, excepte en cookies propietat de tercers o per obligaci\u00f3 legal.<\/li>\n<\/ul>\n<p>&nbsp;<\/p>\n<h2>Drets que assisteixen a l&#8217;Interessat :<\/h2>\n<ul>\n<li>Dret a retirar el consentiment en qualsevol<\/li>\n<li>Dret d&#8217;acc\u00e9s, rectificaci\u00f3, portabilitat i supressi\u00f3 de les seues dades, i de limitaci\u00f3 o oposici\u00f3 al seu<\/li>\n<li>Dret a presentar una reclamaci\u00f3 davant l&#8217;Autoritat de control (www.aepd.es) si considera que el tractament no s&#8217;ajusta a la normativa vigent.<\/li>\n<\/ul>\n<p>&nbsp;<\/p>\n<h2>Dades de contacte per a exercir els seus drets:<\/h2>\n<p>Ajuntament Alfara del Patriarca\u00a0 . PLA\u00c7A SANT JOAN\u00a0 DE RIBERA, 4 &#8211; 46115 ALFARA DEL PATRIARCA \u00a0\u00a0(Val\u00e8ncia). E- mail: <a href=\"mailto:secretari@alfaradelpatriarca.es\" target=\"_blank\" rel=\"noopener\">secretari@alfaradelpatriarca.es<\/a><\/p>\n<p>Dades de contacte del delegat de protecci\u00f3 de dades: PARC EUROPA, 5 BAIX &#8211;<\/p>\n<p>&nbsp;<\/p>\n<h2><strong>COOKIES UTILITZADES EN AQUEST LLOC WEB<\/strong><\/h2>\n<p><strong>\u00a0<\/strong><\/p>\n<h3><strong><span style=\"font-size: 13px;\">T\u00e9cniques i funcionals<\/span>\u00a0<\/strong><strong>\u00a0<\/strong><\/h3>\n<table>\n<tbody>\n<tr>\n<td width=\"122\"><strong>Propietat<\/strong><\/td>\n<td width=\"109\"><strong>Cookie<\/strong><\/td>\n<td width=\"314\"><strong>Finalitat<\/strong><\/td>\n<td width=\"96\"><strong>Termini<\/strong><\/td>\n<\/tr>\n<tr>\n<td width=\"122\"><strong>\u00a0<\/strong><\/p>\n<p>alfara.appesveu.es<\/td>\n<td width=\"109\"><strong>\u00a0<\/strong><\/p>\n<p><strong>_icl_current_langu age<\/strong><\/td>\n<td width=\"314\">S&#8217;utilitza per a recordar l&#8217;idioma que ha seleccionat l&#8217;usuari \u00a0i mostrar-li els continguts en aqueix mateix idioma al llarg de \u00a0\u00a0\u00a0la seua navegaci\u00f3<\/td>\n<td width=\"96\"><strong>\u00a0<\/strong><\/p>\n<p>en 20 hores<\/td>\n<\/tr>\n<tr>\n<td width=\"122\"><strong>\u00a0<\/strong><\/p>\n<p>alfaradelpatriarca.es<\/td>\n<td width=\"109\"><strong>_gat_gtag_UA_15 2818112_1<\/strong><\/td>\n<td width=\"314\">Cookie necess\u00e0ria per a la\u00a0 utilitzaci\u00f3 de les\u00a0 opcions i serveis del lloc web<\/td>\n<td width=\"96\"><strong>\u00a0<\/strong><\/p>\n<p>Sessi\u00f3<\/td>\n<\/tr>\n<tr>\n<td width=\"122\"><strong>\u00a0<\/strong><\/p>\n<p>alfaradelpatriarca.es<\/td>\n<td width=\"109\"><strong>\u00a0<\/strong><\/p>\n<p><strong>_icl_current_langu age<\/strong><\/td>\n<td width=\"314\">S&#8217;utilitza per a recordar l&#8217;idioma que ha seleccionat l&#8217;usuari \u00a0i mostrar-li els continguts en aqueix mateix idioma al llarg de \u00a0\u00a0\u00a0la seua navegaci\u00f3<\/td>\n<td width=\"96\"><strong>\u00a0<\/strong><\/p>\n<p>en 20 hores<\/td>\n<\/tr>\n<tr>\n<td width=\"122\"><strong>\u00a0<\/strong><\/p>\n<p>alfaradelpatriarca.es<\/td>\n<td width=\"109\"><strong>\u00a0<\/strong><\/p>\n<p><strong>responsivestatus<\/strong><\/td>\n<td width=\"314\">Cookie necess\u00e0ria per a la\u00a0 utilitzaci\u00f3 de les\u00a0 opcions i serveis del lloc web<\/td>\n<td width=\"96\"><strong>\u00a0<\/strong><\/p>\n<p>en 7 dies<\/td>\n<\/tr>\n<tr>\n<td width=\"122\"><strong>\u00a0<\/strong><\/p>\n<p>appesveu.es<\/td>\n<td width=\"109\"><strong>_gat_gtag_UA_15 2818112_1<\/strong><\/td>\n<td width=\"314\">Cookie necess\u00e0ria per a la\u00a0 utilitzaci\u00f3 de les\u00a0 opcions i serveis del lloc web<\/td>\n<td width=\"96\"><strong>\u00a0<\/strong><\/p>\n<p>Sessi\u00f3<\/td>\n<\/tr>\n<tr>\n<td width=\"122\">gstatic.com<\/td>\n<td width=\"109\"><strong>CONSENT<\/strong><\/td>\n<td width=\"314\">Rastrejador de consentiment de cookies de Google<\/td>\n<td width=\"96\">en 17 anys<\/td>\n<\/tr>\n<\/tbody>\n<\/table>\n<h3><\/h3>\n<h3><strong><span style=\"font-size: 13px;\">Anal\u00edtiques<\/span>\u00a0<\/strong><\/h3>\n<table>\n<tbody>\n<tr>\n<td width=\"122\"><strong>Propietat<\/strong><\/td>\n<td width=\"109\"><strong>Cookie<\/strong><\/td>\n<td width=\"314\"><strong>Finalitat<\/strong><\/td>\n<td width=\"96\"><strong>Termini<\/strong><\/td>\n<\/tr>\n<tr>\n<td width=\"122\">alfaradelpatriarca.es<\/td>\n<td width=\"109\"><strong>_ga<\/strong><\/td>\n<td width=\"314\">ID utilitza per a identificar als\u00a0 usuaris<\/td>\n<td width=\"96\">en 2 anys<\/td>\n<\/tr>\n<tr>\n<td width=\"122\"><strong>\u00a0<\/strong><\/p>\n<p>alfaradelpatriarca.es<\/td>\n<td width=\"109\"><strong>\u00a0<\/strong><\/p>\n<p><strong>_gat<\/strong><\/td>\n<td width=\"314\">S&#8217;utilitza\u00a0 per a monitorar el nombre de peticions al servidor de Google Analytics quan s&#8217;utilitza l&#8217;Administrador d&#8217;etiquetes Google<\/td>\n<td width=\"96\"><strong>\u00a0<\/strong><\/p>\n<p>Sessi\u00f3<\/td>\n<\/tr>\n<tr>\n<td width=\"122\"><strong>\u00a0<\/strong><\/p>\n<p>alfaradelpatriarca.es<\/td>\n<td width=\"109\"><strong>\u00a0<\/strong><\/p>\n<p><strong>_gid<\/strong><\/td>\n<td width=\"314\">ID utilitza per a identificar als\u00a0 usuaris durant 24 hores despr\u00e9s de l&#8217;\u00faltima activitat<\/td>\n<td width=\"96\"><strong>\u00a0<\/strong><\/p>\n<p>en 20 hores<\/td>\n<\/tr>\n<tr>\n<td width=\"122\">appesveu.es<\/td>\n<td width=\"109\"><strong>_ga<\/strong><\/td>\n<td width=\"314\">ID utilitza per a identificar als\u00a0 usuaris<\/td>\n<td width=\"96\">en 2 anys<\/td>\n<\/tr>\n<tr>\n<td width=\"122\"><strong>\u00a0<\/strong><\/p>\n<p>appesveu.es<\/td>\n<td width=\"109\"><strong>\u00a0<\/strong><\/p>\n<p><strong>_gid<\/strong><\/td>\n<td width=\"314\">ID utilitza per a identificar als\u00a0 usuaris durant 24 hores despr\u00e9s de l&#8217;\u00faltima activitat<\/td>\n<td width=\"96\"><strong>\u00a0<\/strong><\/p>\n<p>en 20 hores<\/td>\n<\/tr>\n<\/tbody>\n<\/table>\n<p><strong>\u00a0<\/strong><\/p>\n<h2><strong>Cookies de Tercers<\/strong><\/h2>\n<p>Els serveis de tercers s\u00f3n aliens al control de l&#8217;editor.\u00a0 Els prove\u00efdors poden modificar en tot moment les seues condicions de servei, finalitat i utilitzaci\u00f3 de les cookies, etc.<\/p>\n<p>&nbsp;<\/p>\n<h3><strong>Prove\u00efdors externs d&#8217;aquest\u00a0 lloc web :<\/strong><\/h3>\n<table>\n<tbody>\n<tr>\n<td width=\"172\"><strong>Editor<\/strong><\/td>\n<td width=\"469\"><strong>Pol\u00edtica de privacitat<\/strong><\/td>\n<\/tr>\n<tr>\n<td width=\"172\">Google Analytics<\/td>\n<td width=\"469\"><a href=\"https:\/\/privacy.google.com\/take-control.html\">https:\/\/privacy.google.com\/take-control.html<\/a><\/td>\n<\/tr>\n<tr>\n<td width=\"172\">Google<\/td>\n<td width=\"469\"><a href=\"https:\/\/privacy.google.com\/take-control.html\">https:\/\/privacy.google.com\/take-control.html<\/a><\/td>\n<\/tr>\n<\/tbody>\n<\/table>\n<p>&nbsp;<\/p>\n<h3><strong>Panell de configuraci\u00f3 de cookies:<\/strong><\/h3>\n<p>Des d&#8217;aquest panell podr\u00e0 configurar les cookies que el lloc web pot instal\u00b7lar en el seu navegador, excepte les cookies t\u00e8cniques o funcionals que s\u00f3n necess\u00e0ries per a la \u00a0navegaci\u00f3 i la utilitzaci\u00f3 de les\u00a0 diferents opcions o serveis que s&#8217;ofereixen.. <a href=\"#_bookmark0\">Panell de cookies<\/a><\/p>\n\n<style type=\"text\/css\" data-created_by=\"avia_inline_auto\" id=\"style-css-av-ac11y-1-609eb658ec2ee8fccd0d2bd764fc4457\">\n#top .hr.hr-invisible.av-ac11y-1-609eb658ec2ee8fccd0d2bd764fc4457{\nheight:25px;\n}\n<\/style>\n<div  class='hr av-ac11y-1-609eb658ec2ee8fccd0d2bd764fc4457 hr-invisible  avia-builder-el-4  el_after_av_hr  avia-builder-el-last '><span class='hr-inner '><span class=\"hr-inner-style\"><\/span><\/span><\/div>\n<table>\n<tbody>\n<tr>\n<td colspan=\"3\" width=\"641\"><strong>COM GESTIONAR LES COOKIES DES DEL\u00a0 NAVEGADOR<\/strong><\/td>\n<\/tr>\n<tr>\n<td colspan=\"2\" width=\"192\">&nbsp;<\/p>\n<p><strong>Eliminar les cookies del dispositiu<\/strong><\/td>\n<td width=\"449\">Les cookies que ja estan en un dispositiu es poden eliminar esborrant l&#8217;historial\u00a0 del navegador, amb el que \u00a0se suprimeixen les cookies de tots els llocs web\u00a0 visitats.<\/p>\n<p>No obstant aix\u00f2 , tamb\u00e9 es pot perdre part de la \u00a0informaci\u00f3 guardada (per exemple , les dades d&#8217;inici\u00a0 de sessi\u00f3 o les prefer\u00e8ncies de lloc web ).<\/td>\n<\/tr>\n<tr>\n<td colspan=\"2\" width=\"192\"><strong>Gestionar les cookies espec\u00edfiques del lloc<\/strong><\/td>\n<td width=\"449\">Per a tindre un control m\u00e9s prec\u00eds de les \u00a0cookies espec\u00edfiques de cada lloc, els usuaris poden ajustar la seua configuraci\u00f3 de privacitat i cookies en el navegador.<\/td>\n<\/tr>\n<tr>\n<td colspan=\"2\" width=\"192\">&nbsp;<\/p>\n<p>&nbsp;<\/p>\n<p><strong>Bloquejar<\/strong> <strong>les<\/strong> <strong>cookies<\/strong><\/td>\n<td width=\"449\">Encara que la majoria dels navegadors moderns es poden configurar per a evitar que s&#8217;instal\u00b7len cookies en els dispositius, aix\u00f2 pot obligar a l&#8217;ajust manual de determinades prefer\u00e8ncies cada vegada que es visite un lloc o p\u00e0gina. A m\u00e9s, alguns serveis i caracter\u00edstiques poden no funcionar correctament (per exemple , els inicis de sessi\u00f3 amb perfil).<\/td>\n<\/tr>\n<tr>\n<td colspan=\"3\" width=\"641\"><strong>COM ELIMINAR LES COOKIES DELS\u00a0 NAVEGADORS M\u00c9S COMUNS<\/strong><\/td>\n<\/tr>\n<tr>\n<td width=\"186\"><strong>Chrome<\/strong><\/td>\n<td colspan=\"2\" width=\"455\"><a href=\"http:\/\/support.google.com\/chrome\/answer\/95647?hl=es\">http:\/\/support.google.com\/chrome\/answer\/95647?hl=es<\/a><\/td>\n<\/tr>\n<tr>\n<td width=\"186\"><strong>Internet Explorer. Versi\u00f3 11<\/strong><\/td>\n<td colspan=\"2\" width=\"455\"><a href=\"https:\/\/support.microsoft.com\/es-es\/help\/278835\/how-to-delete-cookie-files-in-internet-explorer\">https:\/\/support.microsoft.com\/es-es\/help\/278835\/how-to-delete-cookie-files-in-internet-explorer<\/a><\/td>\n<\/tr>\n<tr>\n<td width=\"186\"><strong>Firefox. Versi\u00f3 65.0.1<\/strong><\/td>\n<td colspan=\"2\" width=\"455\"><a href=\"https:\/\/www.mozilla.org\/es-ES\/privacy\/websites\/#cookies\">https:\/\/www.mozilla.org\/es-es\/privacy\/websites\/#cookies<\/a><\/td>\n<\/tr>\n<tr>\n<td width=\"186\"><strong>Safari Versi\u00f3 5.1<\/strong><\/td>\n<td colspan=\"2\" width=\"455\"><a href=\"https:\/\/support.apple.com\/es-es\/guide\/safari\/sfri11471\/mac\">https:\/\/support.apple.com\/es-es\/guide\/safari\/sfri11471\/mac<\/a><\/td>\n<\/tr>\n<tr>\n<td width=\"186\"><strong>Opera<\/strong><\/td>\n<td colspan=\"2\" width=\"455\"><a href=\"https:\/\/help.opera.com\/en\/latest\/security-and-privacy\/#clearBrowsingData\">https:\/\/help.opera.com\/en\/latest\/security-and-privacy\/#clearBrowsingData<\/a><\/td>\n<\/tr>\n<tr>\n<td width=\"186\"><\/td>\n<td width=\"6\"><\/td>\n<td width=\"449\"><\/td>\n<\/tr>\n<\/tbody>\n<\/table>\n<p>&nbsp;<\/p>\n<p>&nbsp;<\/p>\n<p>&nbsp;<\/p>\n","protected":false},"excerpt":{"rendered":"<p>INFORMACI\u00d3 SOBRE COOKIES A causa de l&#8217;entrada en vigor de la referent modificaci\u00f3 de la \u00abLlei de Serveis de la Societat de la Informaci\u00f3\u00bb (LSSICE) establida pel Reial decret 13\/2012, \u00e9s d&#8217;obligaci\u00f3 obtindre el consentiment expr\u00e9s de l&#8217;usuari de totes les p\u00e0gines web que usen cookies prescindibles, abans que aquest navegue per elles. QU\u00c8 S\u00d3N [&hellip;]<\/p>\n","protected":false},"author":1944,"featured_media":0,"parent":0,"menu_order":0,"comment_status":"closed","ping_status":"closed","template":"","meta":{"_joinchat":[],"footnotes":""},"class_list":["post-3166","page","type-page","status-publish","hentry"],"jetpack_shortlink":"https:\/\/wp.me\/Pd2vnt-P4","jetpack_sharing_enabled":true,"_links":{"self":[{"href":"https:\/\/participacio.alfaradelpatriarca.es\/va\/wp-json\/wp\/v2\/pages\/3166","targetHints":{"allow":["GET"]}}],"collection":[{"href":"https:\/\/participacio.alfaradelpatriarca.es\/va\/wp-json\/wp\/v2\/pages"}],"about":[{"href":"https:\/\/participacio.alfaradelpatriarca.es\/va\/wp-json\/wp\/v2\/types\/page"}],"author":[{"embeddable":true,"href":"https:\/\/participacio.alfaradelpatriarca.es\/va\/wp-json\/wp\/v2\/users\/1944"}],"replies":[{"embeddable":true,"href":"https:\/\/participacio.alfaradelpatriarca.es\/va\/wp-json\/wp\/v2\/comments?post=3166"}],"version-history":[{"count":7,"href":"https:\/\/participacio.alfaradelpatriarca.es\/va\/wp-json\/wp\/v2\/pages\/3166\/revisions"}],"predecessor-version":[{"id":6068,"href":"https:\/\/participacio.alfaradelpatriarca.es\/va\/wp-json\/wp\/v2\/pages\/3166\/revisions\/6068"}],"wp:attachment":[{"href":"https:\/\/participacio.alfaradelpatriarca.es\/va\/wp-json\/wp\/v2\/media?parent=3166"}],"curies":[{"name":"wp","href":"https:\/\/api.w.org\/{rel}","templated":true}]}}