{"id":3139,"date":"2021-01-12T20:11:39","date_gmt":"2021-01-12T19:11:39","guid":{"rendered":"https:\/\/lolleriatria.org\/contacto\/"},"modified":"2022-06-03T10:45:58","modified_gmt":"2022-06-03T08:45:58","slug":"contacte","status":"publish","type":"page","link":"https:\/\/participacio.alfaradelpatriarca.es\/va\/contacte\/","title":{"rendered":"Contacte"},"content":{"rendered":"\n<style type=\"text\/css\" data-created_by=\"avia_inline_auto\" id=\"style-css-av-l3a2fy5m-9ea4175926e285a24f8c6ae50c262c13\">\n.avia-section.av-l3a2fy5m-9ea4175926e285a24f8c6ae50c262c13{\nbackground-repeat:no-repeat;\nbackground-image:url(https:\/\/participacio.alfaradelpatriarca.es\/wp-content\/uploads\/2021\/05\/sliderTOP-5.jpg);\nbackground-position:50% 50%;\nbackground-attachment:fixed;\n}\n.avia-section.av-l3a2fy5m-9ea4175926e285a24f8c6ae50c262c13 .av-section-color-overlay{\nopacity:0.7;\nbackground-color:#673e08;\n}\n<\/style>\n<div id='av_section_1'  class='avia-section av-l3a2fy5m-9ea4175926e285a24f8c6ae50c262c13 main_color avia-section-default avia-no-shadow  avia-builder-el-0  el_before_av_section  avia-builder-el-first  avia-full-stretch avia-bg-style-fixed av-section-color-overlay-active av-minimum-height av-minimum-height-25 av-height-25  container_wrap sidebar_right'  data-section-bg-repeat='stretch' data-av_minimum_height_pc='25' data-av_min_height_opt='25'><div class=\"av-section-color-overlay-wrap\"><div class=\"av-section-color-overlay\"><\/div><a href='#next-section' title='' class='scroll-down-link ' aria-hidden='true' data-av_icon='\ue877' data-av_iconfont='entypo-fontello'><\/a><div class='container av-section-cont-open' ><main  role=\"main\" itemprop=\"mainContentOfPage\"  class='template-page content  av-content-small alpha units'><div class='post-entry post-entry-type-page post-entry-3139'><div class='entry-content-wrapper clearfix'>\n\n<style type=\"text\/css\" data-created_by=\"avia_inline_auto\" id=\"style-css-av-6jqmst-9b22ff2e6e000bb9ce36223e2ce37f25\">\n.flex_column.av-6jqmst-9b22ff2e6e000bb9ce36223e2ce37f25{\nborder-radius:0px 0px 0px 0px;\npadding:0px 0px 0px 0px;\n}\n<\/style>\n<div  class='flex_column av-6jqmst-9b22ff2e6e000bb9ce36223e2ce37f25 av_one_full  avia-builder-el-1  avia-builder-el-no-sibling  first flex_column_div av-animated-generic pop-up av-zero-column-padding  '     ><p>\n<style type=\"text\/css\" data-created_by=\"avia_inline_auto\" id=\"style-css-av-4gmsu5-e4b8ee7bc123a1d89f365bf24511984e\">\n#top .hr.hr-invisible.av-4gmsu5-e4b8ee7bc123a1d89f365bf24511984e{\nheight:25px;\n}\n<\/style>\n<div  class='hr av-4gmsu5-e4b8ee7bc123a1d89f365bf24511984e hr-invisible  avia-builder-el-2  el_before_av_heading  avia-builder-el-first '><span class='hr-inner '><span class=\"hr-inner-style\"><\/span><\/span><\/div><br \/>\n\n<style type=\"text\/css\" data-created_by=\"avia_inline_auto\" id=\"style-css-av-l3a2f9uv-79a79e1724dafad982be67c45071234f\">\n#top .av-special-heading.av-l3a2f9uv-79a79e1724dafad982be67c45071234f{\npadding-bottom:10px;\ncolor:#ffffff;\nfont-size:54px;\n}\nbody .av-special-heading.av-l3a2f9uv-79a79e1724dafad982be67c45071234f .av-special-heading-tag .heading-char{\nfont-size:25px;\n}\n#top #wrap_all .av-special-heading.av-l3a2f9uv-79a79e1724dafad982be67c45071234f .av-special-heading-tag{\nfont-size:54px;\n}\n.av-special-heading.av-l3a2f9uv-79a79e1724dafad982be67c45071234f .special-heading-inner-border{\nborder-color:#ffffff;\n}\n.av-special-heading.av-l3a2f9uv-79a79e1724dafad982be67c45071234f .av-subheading{\nfont-size:15px;\n}\n\n@media only screen and (min-width: 768px) and (max-width: 989px){ \n#top #wrap_all .av-special-heading.av-l3a2f9uv-79a79e1724dafad982be67c45071234f .av-special-heading-tag{\nfont-size:42px;\n}\n}\n\n@media only screen and (min-width: 480px) and (max-width: 767px){ \n#top #wrap_all .av-special-heading.av-l3a2f9uv-79a79e1724dafad982be67c45071234f .av-special-heading-tag{\nfont-size:34px;\n}\n}\n\n@media only screen and (max-width: 479px){ \n#top #wrap_all .av-special-heading.av-l3a2f9uv-79a79e1724dafad982be67c45071234f .av-special-heading-tag{\nfont-size:28px;\n}\n}\n<\/style>\n<div  class='av-special-heading av-l3a2f9uv-79a79e1724dafad982be67c45071234f av-special-heading-h2 custom-color-heading blockquote modern-quote modern-centered  avia-builder-el-3  el_after_av_hr  el_before_av_hr  av-inherit-size'><h2 class='av-special-heading-tag'  itemprop=\"headline\"  >CONTACTE<\/h2><div class=\"special-heading-border\"><div class=\"special-heading-inner-border\"><\/div><\/div><\/div><br \/>\n\n<style type=\"text\/css\" data-created_by=\"avia_inline_auto\" id=\"style-css-av-1wcm2l-fe4747b8dbc31cdf81cf3cc88750ecf9\">\n#top .hr.hr-invisible.av-1wcm2l-fe4747b8dbc31cdf81cf3cc88750ecf9{\nheight:50px;\n}\n<\/style>\n<div  class='hr av-1wcm2l-fe4747b8dbc31cdf81cf3cc88750ecf9 hr-invisible  avia-builder-el-4  el_after_av_heading  avia-builder-el-last '><span class='hr-inner '><span class=\"hr-inner-style\"><\/span><\/span><\/div><\/p><\/div>\n\n<\/div><\/div><\/main><!-- close content main element --><\/div><\/div><\/div><div id='av_section_2'  class='avia-section av-6xd7-32-f99deaa72b1668777e2d34159d287f62 main_color avia-section-default avia-no-border-styling  avia-builder-el-5  el_after_av_section  avia-builder-el-last  avia-bg-style-scroll container_wrap sidebar_right'  ><div class='container av-section-cont-open' ><div class='template-page content  av-content-small alpha units'><div class='post-entry post-entry-type-page post-entry-3139'><div class='entry-content-wrapper clearfix'>\n\n<style type=\"text\/css\" data-created_by=\"avia_inline_auto\" id=\"style-css-av-m5w5z-31-458467203fb89565fc06923e4f617bec\">\n.flex_column.av-m5w5z-31-458467203fb89565fc06923e4f617bec{\nborder-radius:0px 0px 0px 0px;\npadding:0px 0px 0px 0px;\n}\n<\/style>\n<div  class='flex_column av-m5w5z-31-458467203fb89565fc06923e4f617bec av_one_full  avia-builder-el-6  el_before_av_one_half  avia-builder-el-first  first flex_column_div av-zero-column-padding  '     ><p><section  class='av_textblock_section av-jyuccqtr-30-a0f71190b8f7babba76122372c6fa731 '   itemscope=\"itemscope\" itemtype=\"https:\/\/schema.org\/CreativeWork\" ><div class='avia_textblock'  itemprop=\"text\" ><p>Si et sorgeix qualsevol dubte, consulta o aclariment que puga resoldre&#8217;t l&#8217;Ajuntament de Alfara de Patriarca, disposes del seg\u00fcent formulari. La teua consulta ser\u00e0 remesa al departament oport\u00fa perqu\u00e8 et puguen respondre.<\/p>\n<p>Si trobes un link o enlla\u00e7 que no funcione correctament et demanem que ens l&#8217;indiques per a poder arreglar el problema al m\u00e9s prompte possible.<\/p>\n<p><strong>Gr\u00e0cies per la teua col\u00b7laboraci\u00f3.<\/strong><\/p>\n<\/div><\/section><br \/>\n\n<style type=\"text\/css\" data-created_by=\"avia_inline_auto\" id=\"style-css-av-jyo386l0-29-dd147d515e8602309610bd6b3d5967ad\">\n#top .hr.hr-invisible.av-jyo386l0-29-dd147d515e8602309610bd6b3d5967ad{\nheight:5px;\n}\n<\/style>\n<div  class='hr av-jyo386l0-29-dd147d515e8602309610bd6b3d5967ad hr-invisible  avia-builder-el-8  el_after_av_textblock  avia-builder-el-last '><span class='hr-inner '><span class=\"hr-inner-style\"><\/span><\/span><\/div><\/p><\/div>\n<style type=\"text\/css\" data-created_by=\"avia_inline_auto\" id=\"style-css-av-jm6k4gst-28-948cc5c1949296a0d1c1ec7952ec865e\">\n.flex_column.av-jm6k4gst-28-948cc5c1949296a0d1c1ec7952ec865e{\nborder-radius:0px 0px 0px 0px;\npadding:0px 0px 0px 0px;\n}\n<\/style>\n<div  class='flex_column av-jm6k4gst-28-948cc5c1949296a0d1c1ec7952ec865e av_one_half  avia-builder-el-9  el_after_av_one_full  el_before_av_one_half  first flex_column_div av-animated-generic pop-up av-zero-column-padding  column-top-margin'     ><p>\n<style type=\"text\/css\" data-created_by=\"avia_inline_auto\" id=\"style-css-av-3omkjh-27-2a3670ffc183834bc3eaea39f6ead3a6\">\n#top .av-special-heading.av-3omkjh-27-2a3670ffc183834bc3eaea39f6ead3a6{\npadding-bottom:10px;\nfont-size:30px;\n}\nbody .av-special-heading.av-3omkjh-27-2a3670ffc183834bc3eaea39f6ead3a6 .av-special-heading-tag .heading-char{\nfont-size:25px;\n}\n#top #wrap_all .av-special-heading.av-3omkjh-27-2a3670ffc183834bc3eaea39f6ead3a6 .av-special-heading-tag{\nfont-size:30px;\n}\n.av-special-heading.av-3omkjh-27-2a3670ffc183834bc3eaea39f6ead3a6 .av-subheading{\nfont-size:15px;\n}\n\n@media only screen and (min-width: 480px) and (max-width: 767px){ \n#top #wrap_all .av-special-heading.av-3omkjh-27-2a3670ffc183834bc3eaea39f6ead3a6 .av-special-heading-tag{\nfont-size:0.8em;\n}\n}\n\n@media only screen and (max-width: 479px){ \n#top #wrap_all .av-special-heading.av-3omkjh-27-2a3670ffc183834bc3eaea39f6ead3a6 .av-special-heading-tag{\nfont-size:0.8em;\n}\n}\n<\/style>\n<div  class='av-special-heading av-3omkjh-27-2a3670ffc183834bc3eaea39f6ead3a6 av-special-heading-h3 blockquote modern-quote  avia-builder-el-10  el_before_av_hr  avia-builder-el-first  av-thin-font av-inherit-size'><h3 class='av-special-heading-tag'  itemprop=\"headline\"  ><strong>Formulari de contacte<\/strong><\/h3><div class=\"special-heading-border\"><div class=\"special-heading-inner-border\"><\/div><\/div><\/div><br \/>\n\n<style type=\"text\/css\" data-created_by=\"avia_inline_auto\" id=\"style-css-av-224qct-64016c348e227ee34c4934a87eb5509f\">\n#top .hr.av-224qct-64016c348e227ee34c4934a87eb5509f{\nmargin-top:15px;\nmargin-bottom:15px;\n}\n.hr.av-224qct-64016c348e227ee34c4934a87eb5509f .hr-inner{\nwidth:50px;\nborder-color:#ff9914;\n}\n<\/style>\n<div  class='hr av-224qct-64016c348e227ee34c4934a87eb5509f hr-custom  avia-builder-el-11  el_after_av_heading  el_before_av_contact  hr-left hr-icon-no'><span class='hr-inner inner-border-av-border-fat'><span class=\"hr-inner-style\"><\/span><\/span><\/div><br \/>\n<form action=\"https:\/\/participacio.alfaradelpatriarca.es\/va\/contacte\/\" method=\"post\" data-fields-with-error=\"Found errors in the following field(s):\" class=\"avia_ajax_form av-form-labels-hidden   avia-builder-el-12  el_after_av_hr  avia-builder-el-last   \" data-avia-form-id=\"1\" data-avia-redirect='' ><fieldset><p class='  first_form  form_element form_fullwidth' id='element_avia_1_1'><label for=\"avia_1_1\">Nom i cognoms <abbr class=\"required\" title=\"required\">*<\/abbr><\/label> <input name=\"avia_1_1\" class=\"text_input is_empty\" type=\"text\" id=\"avia_1_1\" value=\"\"  placeholder='Nom i cognoms*'\/><\/p><p class='  first_form  form_element form_element_half' id='element_avia_2_1'><label for=\"avia_2_1\">Correu electr\u00f2nic <abbr class=\"required\" title=\"required\">*<\/abbr><\/label> <input name=\"avia_2_1\" class=\"text_input is_email\" type=\"text\" id=\"avia_2_1\" value=\"\"  placeholder='Correu electr\u00f2nic*'\/><\/p><p class='  form_element form_element_half' id='element_avia_3_1'><label for=\"avia_3_1\">N\u00famero de tel\u00e8fon <abbr class=\"required\" title=\"required\">*<\/abbr><\/label> <input name=\"avia_3_1\" class=\"text_input is_empty\" type=\"text\" id=\"avia_3_1\" value=\"\"  placeholder='N\u00famero de tel\u00e8fon*'\/><\/p><p class='  first_form  form_element form_fullwidth' id='element_avia_4_1'><label for=\"avia_4_1\">Assumpte <abbr class=\"required\" title=\"required\">*<\/abbr><\/label> <input name=\"avia_4_1\" class=\"text_input is_empty\" type=\"text\" id=\"avia_4_1\" value=\"\"  placeholder='Assumpte*'\/><\/p><p class='  first_form  form_element form_fullwidth' id='element_avia_5_1'><label for=\"avia_5_1\" class=\"textare_label hidden textare_label_avia_5_1\">Missatge <abbr class=\"required\" title=\"required\">*<\/abbr><\/label><textarea  placeholder='Missatge*' name=\"avia_5_1\" class=\"text_area is_empty\" cols=\"40\" rows=\"7\" id=\"avia_5_1\" ><\/textarea><\/p><div id='avia_6_1' class='av-form-text'><p>\nLes dades facilitades en el present formulari s\u00f3n tractats per <em>l\u2019AJUNTAMENT D&#8217;ALFARA DEL PATRIARCA<\/em>, amb <em>CIF P4602500C<\/em>, amb la finalitat de conducta a l&#8217;alta com a usuari del lloc web i, posteriorment, per a gestionar la participaci\u00f3 ciutadana. En cas que ho autoritze, s&#8217;usaran les dades de contacte per a remetre-li informaci\u00f3 sobre activitats municipals d&#8217;inter\u00e9s per a la ciutadania. Per a m\u00e9s informaci\u00f3, consulta la nostra <a href=\"https:\/\/participacio.alfaradelpatriarca.es\/va\/politica-de-privacitat\/\">Pol\u00edtica de privacitat.<\/a><\/p>\n<\/div><p class='  first_form  form_element form_fullwidth' id='element_avia_7_1'><input  name=\"avia_7_1\" class=\"input_checkbox is_empty\" type=\"checkbox\" id=\"avia_7_1\" value=\"true\"\/><label class=\"input_checkbox_label\" for=\"avia_7_1\">He llegit i accepte les pol\u00edtiques de privacitat. <abbr class=\"required\" title=\"required\">*<\/abbr><\/label><\/p><p class='  first_form  form_element form_fullwidth' id='element_avia_8_1'><input  name=\"avia_8_1\" class=\"input_checkbox is_empty\" type=\"checkbox\" id=\"avia_8_1\" value=\"true\"\/><label class=\"input_checkbox_label\" for=\"avia_8_1\">Desitge rebre informaci\u00f3 sobre activitats municipals d\u2019inter\u00e9s per a la ciutadania. <abbr class=\"required\" title=\"required\">*<\/abbr><\/label><\/p><p class=\"hidden\"><input type=\"text\" name=\"avia_9_1\" class=\"hidden \" id=\"avia_9_1\" value=\"\" \/><\/p><p class='   form_element form_fullwidth' id='element_avia_10_1'><span class='value_verifier_label'>3 + 4 = ?<\/span><input name=\"avia_10_1_verifier\" type=\"hidden\" id=\"avia_10_1_verifier\" value=\"467756277\"\/><label for=\"avia_10_1\">Please prove that you are human by solving the equation <abbr class=\"required\" title=\"required\">*<\/abbr><\/label><input name=\"avia_10_1\" class=\"text_input captcha\" type=\"text\" id=\"avia_10_1\" value=\"\"\/><\/p><p class=\"form_element \"><input type=\"hidden\" value=\"1\" name=\"avia_generated_form1\" \/><input type=\"submit\" value=\"Enviar formulari\" class=\"button\"  data-sending-label=\"Sending\"\/><\/p><\/fieldset><\/form><div id=\"ajaxresponse_1\" class=\"ajaxresponse ajaxresponse_1 hidden\"><\/div><\/p><\/div>\n<style type=\"text\/css\" data-created_by=\"avia_inline_auto\" id=\"style-css-av-jm9cpmdh-19-7f0b4117231ef05f14c61eb0d0336f60\">\n.flex_column.av-jm9cpmdh-19-7f0b4117231ef05f14c61eb0d0336f60{\nborder-radius:0px 0px 0px 0px;\npadding:0px 0px 0px 0px;\n}\n<\/style>\n<div  class='flex_column av-jm9cpmdh-19-7f0b4117231ef05f14c61eb0d0336f60 av_one_half  avia-builder-el-13  el_after_av_one_half  avia-builder-el-last  flex_column_div av-animated-generic pop-up av-zero-column-padding  column-top-margin'     ><p>\n<style type=\"text\/css\" data-created_by=\"avia_inline_auto\" id=\"style-css-av-2b7lbx-18-95b4fa5f7778731051f1faedb749ca20\">\n#top .av-special-heading.av-2b7lbx-18-95b4fa5f7778731051f1faedb749ca20{\npadding-bottom:10px;\nfont-size:30px;\n}\nbody .av-special-heading.av-2b7lbx-18-95b4fa5f7778731051f1faedb749ca20 .av-special-heading-tag .heading-char{\nfont-size:25px;\n}\n#top #wrap_all .av-special-heading.av-2b7lbx-18-95b4fa5f7778731051f1faedb749ca20 .av-special-heading-tag{\nfont-size:30px;\n}\n.av-special-heading.av-2b7lbx-18-95b4fa5f7778731051f1faedb749ca20 .av-subheading{\nfont-size:15px;\n}\n\n@media only screen and (min-width: 480px) and (max-width: 767px){ \n#top #wrap_all .av-special-heading.av-2b7lbx-18-95b4fa5f7778731051f1faedb749ca20 .av-special-heading-tag{\nfont-size:0.8em;\n}\n}\n\n@media only screen and (max-width: 479px){ \n#top #wrap_all .av-special-heading.av-2b7lbx-18-95b4fa5f7778731051f1faedb749ca20 .av-special-heading-tag{\nfont-size:0.8em;\n}\n}\n<\/style>\n<div  class='av-special-heading av-2b7lbx-18-95b4fa5f7778731051f1faedb749ca20 av-special-heading-h3 blockquote modern-quote  avia-builder-el-14  el_before_av_hr  avia-builder-el-first  av-thin-font av-inherit-size av-linked-heading'><h3 class='av-special-heading-tag'  itemprop=\"headline\"  ><strong>Informaci\u00f3 de contacte<\/strong><\/h3><div class=\"special-heading-border\"><div class=\"special-heading-inner-border\"><\/div><\/div><\/div><br \/>\n\n<style type=\"text\/css\" data-created_by=\"avia_inline_auto\" id=\"style-css-av-l3a2skqm-ebf6ac7fcec3b53d48d2e4e00de1f213\">\n#top .hr.av-l3a2skqm-ebf6ac7fcec3b53d48d2e4e00de1f213{\nmargin-top:15px;\nmargin-bottom:15px;\n}\n.hr.av-l3a2skqm-ebf6ac7fcec3b53d48d2e4e00de1f213 .hr-inner{\nwidth:50px;\nborder-color:#ff9914;\n}\n<\/style>\n<div  class='hr av-l3a2skqm-ebf6ac7fcec3b53d48d2e4e00de1f213 hr-custom  avia-builder-el-15  el_after_av_heading  el_before_av_textblock  hr-left hr-icon-no'><span class='hr-inner inner-border-av-border-fat'><span class=\"hr-inner-style\"><\/span><\/span><\/div><br \/>\n<section  class='av_textblock_section av-jm6kgvh8-13-e46ae044cf83fb3db01b8c1d92557764 '   itemscope=\"itemscope\" itemtype=\"https:\/\/schema.org\/CreativeWork\" ><div class='avia_textblock'  itemprop=\"text\" ><div class=\"dt-fancy-separator title-left h4-size style-thick accent-title-color\"><\/div>\n<div class=\"wpb_text_column wpb_content_element \">\n<div class=\"wpb_wrapper\">\n<p><strong>Atenci\u00f3 ciutadana:<\/strong><\/p>\n<\/div>\n<\/div>\n<div class=\"wpb_text_column wpb_content_element \">\n<div class=\"wpb_wrapper\">\n<p><span role=\"link\" aria-label=\"Llamar al n\u00famero de tel\u00e9fono 968 62 00 22\">Tel\u00e8fon: 96 139 19 46<\/span><span role=\"link\" aria-label=\"Llamar al n\u00famero de tel\u00e9fono 968 62 00 22\">\u00a0<\/span><\/p>\n<p><strong>Horari d&#8217;atenci\u00f3 al p\u00fablic:<\/strong><\/p>\n<p>De dilluns a divendres de 08:00 a 15:00 hores<\/p>\n<\/div>\n<\/div>\n<\/div><\/section><br \/>\n<div  class='avia-button-wrap av-jnt8sy9u-16-f506e60fdc5e402222fe14bf5ae8a18c-wrap avia-button-left  avia-builder-el-17  el_after_av_textblock  el_before_av_hr '>\n<style type=\"text\/css\" data-created_by=\"avia_inline_auto\" id=\"style-css-av-jnt8sy9u-16-f506e60fdc5e402222fe14bf5ae8a18c\">\n#top #wrap_all .avia-button.av-jnt8sy9u-16-f506e60fdc5e402222fe14bf5ae8a18c{\nbackground-color:#ff9914;\nborder-color:#ff9914;\ncolor:#ffffff;\ntransition:all 0.4s ease-in-out;\n}\n<\/style>\n<a href='Tel:+34961391946 '  class='avia-button av-jnt8sy9u-16-f506e60fdc5e402222fe14bf5ae8a18c avia-icon_select-yes-right-icon avia-size-large avia-position-left'  ><span class='avia_iconbox_title' >TELEFONAR<\/span><span class='avia_button_icon avia_button_icon_right' aria-hidden='true' data-av_icon='\ue87d' data-av_iconfont='entypo-fontello'><\/span><\/a><\/div><br \/>\n\n<style type=\"text\/css\" data-created_by=\"avia_inline_auto\" id=\"style-css-av-l3a2v95x-5fb1df398012614ba81690c9f9be8efa\">\n#top .hr.hr-invisible.av-l3a2v95x-5fb1df398012614ba81690c9f9be8efa{\nheight:25px;\n}\n<\/style>\n<div  class='hr av-l3a2v95x-5fb1df398012614ba81690c9f9be8efa hr-invisible  avia-builder-el-18  el_after_av_button  el_before_av_textblock '><span class='hr-inner '><span class=\"hr-inner-style\"><\/span><\/span><\/div><br \/>\n<section  class='av_textblock_section av-jm6kgvh8-8-62d3a87532a83281f1200e8df1358131 '   itemscope=\"itemscope\" itemtype=\"https:\/\/schema.org\/CreativeWork\" ><div class='avia_textblock'  itemprop=\"text\" ><div class=\"dt-fancy-separator title-left h4-size style-thick accent-title-color\"><\/div>\n<div class=\"wpb_text_column wpb_content_element \">\n<div class=\"wpb_wrapper\"><\/div>\n<\/div>\n<div class=\"wpb_text_column wpb_content_element \">\n<div class=\"wpb_wrapper\">\n<p><strong>E-mail: <\/strong><span class=\"s1\"><span class=\"s2\"><a href=\"mailto:participacio@alfaradelpatriarca.es\">participacio@alfaradelpatriarca.es<\/a> \/\/ <a href=\"mailto:alfaradelpatriarca@equalitat.es\">alfaradelpatriarca@equalitat.es<\/a><\/span><\/span><\/p>\n<\/div>\n<\/div>\n<\/div><\/section><br \/>\n\n<style type=\"text\/css\" data-created_by=\"avia_inline_auto\" id=\"style-css-av-33jtq5-07b91339f16d91f37befe455f6f5dc22\">\n#top .hr.hr-invisible.av-33jtq5-07b91339f16d91f37befe455f6f5dc22{\nheight:25px;\n}\n<\/style>\n<div  class='hr av-33jtq5-07b91339f16d91f37befe455f6f5dc22 hr-invisible  avia-builder-el-20  el_after_av_textblock  el_before_av_textblock '><span class='hr-inner '><span class=\"hr-inner-style\"><\/span><\/span><\/div><br \/>\n<section  class='av_textblock_section av-jm6kgvh8-7-8b9a0bd47436b7e96707dc91b496a065 '   itemscope=\"itemscope\" itemtype=\"https:\/\/schema.org\/CreativeWork\" ><div class='avia_textblock'  itemprop=\"text\" ><div class=\"dt-fancy-separator title-left h4-size style-thick accent-title-color\"><\/div>\n<div class=\"wpb_text_column wpb_content_element \">\n<div class=\"wpb_wrapper\"><\/div>\n<\/div>\n<div class=\"wpb_text_column wpb_content_element \">\n<div class=\"wpb_wrapper\">\n<p><strong>Xarxes Socials<\/strong><\/p>\n<\/div>\n<\/div>\n<\/div><\/section><br \/>\n<section  class='av_textblock_section av-jm6kgvh8-6-08fcf60a14aca16bb3190a3183534ded '   itemscope=\"itemscope\" itemtype=\"https:\/\/schema.org\/CreativeWork\" ><div class='avia_textblock'  itemprop=\"text\" ><div class=\"dt-fancy-separator title-left h4-size style-thick accent-title-color\"><\/div>\n<div class=\"wpb_text_column wpb_content_element \">\n<div class=\"wpb_wrapper\"><\/div>\n<\/div>\n<div class=\"wpb_text_column wpb_content_element \">\n<div class=\"wpb_wrapper\">\n\n<style type=\"text\/css\" data-created_by=\"avia_inline_auto\" id=\"style-css-av-1w9gv-12-da05670f51e4e8124d4dfcae7158c372\">\n.av_font_icon.av-1w9gv-12-da05670f51e4e8124d4dfcae7158c372 .av-icon-char{\nfont-size:25px;\nline-height:25px;\n}\n<\/style>\n<span  class='av_font_icon av-1w9gv-12-da05670f51e4e8124d4dfcae7158c372 avia_animate_when_visible av-icon-style- avia-icon-pos-left av-no-color avia-icon-animate'><span class='av-icon-char' aria-hidden='true' data-av_icon='\ue8f5' data-av_iconfont='entypo-fontello' ><\/span><\/span> <a href=\"https:\/\/www.facebook.com\/ajuntamentAlfaradelpatriarca\/?fref=ts\" target=\"_blank\" rel=\"noopener\">Facebook<\/a><\/p>\n<p>\n<style type=\"text\/css\" data-created_by=\"avia_inline_auto\" id=\"style-css-av-2mi7-11-402ac973f848c145657ffa232aa6af33\">\n.av_font_icon.av-2mi7-11-402ac973f848c145657ffa232aa6af33 .av-icon-char{\nfont-size:25px;\nline-height:25px;\n}\n<\/style>\n<span  class='av_font_icon av-2mi7-11-402ac973f848c145657ffa232aa6af33 avia_animate_when_visible av-icon-style- avia-icon-pos-left av-no-color avia-icon-animate'><span class='av-icon-char' aria-hidden='true' data-av_icon='\ue921' data-av_iconfont='entypo-fontello' ><\/span><\/span> <a href=\"https:\/\/www.youtube.com\/channel\/UCSUhz6Ubrbyf6ybCupxNd1g\">YouTube<\/a><\/p>\n<p>\n<style type=\"text\/css\" data-created_by=\"avia_inline_auto\" id=\"style-css-av-jyt9vewy-9-fca8247e09f79c43b7c88370e53c3797\">\n.av_font_icon.av-jyt9vewy-9-fca8247e09f79c43b7c88370e53c3797 .av-icon-char{\nfont-size:25px;\nline-height:25px;\n}\n<\/style>\n<span  class='av_font_icon av-jyt9vewy-9-fca8247e09f79c43b7c88370e53c3797 avia_animate_when_visible av-icon-style- avia-icon-pos-left av-no-color avia-icon-animate'><span class='av-icon-char' aria-hidden='true' data-av_icon='\ue8f1' data-av_iconfont='entypo-fontello' ><\/span><\/span> <a href=\"https:\/\/twitter.com\/alfarajuntament\" target=\"_blank\" rel=\"noopener\">Twitter<\/a><\/p>\n<p>\n<style type=\"text\/css\" data-created_by=\"avia_inline_auto\" id=\"style-css-av-jyt9vewy-5-099f483e18bb017527183f49da38710a\">\n.av_font_icon.av-jyt9vewy-5-099f483e18bb017527183f49da38710a .av-icon-char{\nfont-size:25px;\nline-height:25px;\n}\n<\/style>\n<span  class='av_font_icon av-jyt9vewy-5-099f483e18bb017527183f49da38710a avia_animate_when_visible av-icon-style- avia-icon-pos-left av-no-color avia-icon-animate'><span class='av-icon-char' aria-hidden='true' data-av_icon='\ue909' data-av_iconfont='entypo-fontello' ><\/span><\/span> <a href=\"https:\/\/www.instagram.com\/aj_alfaradelpatriarca\/\" target=\"_blank\" rel=\"noopener\">Instagram<\/a><\/p>\n<\/div>\n<\/div>\n<\/div><\/section><\/p><\/div><\/div><\/div><\/div><!-- close content main div --><\/div><\/div><div id='after_section_2'  class='main_color av_default_container_wrap container_wrap sidebar_right'  ><div class='container av-section-cont-open' ><div class='template-page content  av-content-small alpha units'><div class='post-entry post-entry-type-page post-entry-3139'><div class='entry-content-wrapper clearfix'>\n","protected":false},"excerpt":{"rendered":"","protected":false},"author":1944,"featured_media":5818,"parent":0,"menu_order":0,"comment_status":"closed","ping_status":"closed","template":"","meta":{"_joinchat":[],"footnotes":""},"class_list":["post-3139","page","type-page","status-publish","has-post-thumbnail","hentry"],"jetpack_shortlink":"https:\/\/wp.me\/Pd2vnt-OD","jetpack_sharing_enabled":true,"_links":{"self":[{"href":"https:\/\/participacio.alfaradelpatriarca.es\/va\/wp-json\/wp\/v2\/pages\/3139","targetHints":{"allow":["GET"]}}],"collection":[{"href":"https:\/\/participacio.alfaradelpatriarca.es\/va\/wp-json\/wp\/v2\/pages"}],"about":[{"href":"https:\/\/participacio.alfaradelpatriarca.es\/va\/wp-json\/wp\/v2\/types\/page"}],"author":[{"embeddable":true,"href":"https:\/\/participacio.alfaradelpatriarca.es\/va\/wp-json\/wp\/v2\/users\/1944"}],"replies":[{"embeddable":true,"href":"https:\/\/participacio.alfaradelpatriarca.es\/va\/wp-json\/wp\/v2\/comments?post=3139"}],"version-history":[{"count":17,"href":"https:\/\/participacio.alfaradelpatriarca.es\/va\/wp-json\/wp\/v2\/pages\/3139\/revisions"}],"predecessor-version":[{"id":6222,"href":"https:\/\/participacio.alfaradelpatriarca.es\/va\/wp-json\/wp\/v2\/pages\/3139\/revisions\/6222"}],"wp:featuredmedia":[{"embeddable":true,"href":"https:\/\/participacio.alfaradelpatriarca.es\/va\/wp-json\/wp\/v2\/media\/5818"}],"wp:attachment":[{"href":"https:\/\/participacio.alfaradelpatriarca.es\/va\/wp-json\/wp\/v2\/media?parent=3139"}],"curies":[{"name":"wp","href":"https:\/\/api.w.org\/{rel}","templated":true}]}}